{"id":701,"date":"2023-09-10T15:56:52","date_gmt":"2023-09-10T13:56:52","guid":{"rendered":"https:\/\/www.fhswe.se\/?page_id=701"},"modified":"2023-09-10T17:08:05","modified_gmt":"2023-09-10T15:08:05","slug":"appel-och-havregrynsgodis","status":"publish","type":"page","link":"https:\/\/www.fhswe.se\/index.php\/appel-och-havregrynsgodis\/","title":{"rendered":"\u00c4ppel- och Havregrynsgodis"},"content":{"rendered":"\n<figure class=\"wp-block-image size-large\"><img loading=\"lazy\" decoding=\"async\" width=\"1024\" height=\"768\" src=\"https:\/\/www.fhswe.se\/wp-content\/uploads\/2023\/09\/AppelochHavregryns-1024x768.jpg\" alt=\"\" class=\"wp-image-714\" srcset=\"https:\/\/www.fhswe.se\/wp-content\/uploads\/2023\/09\/AppelochHavregryns-1024x768.jpg 1024w, https:\/\/www.fhswe.se\/wp-content\/uploads\/2023\/09\/AppelochHavregryns-300x225.jpg 300w, https:\/\/www.fhswe.se\/wp-content\/uploads\/2023\/09\/AppelochHavregryns-768x576.jpg 768w, https:\/\/www.fhswe.se\/wp-content\/uploads\/2023\/09\/AppelochHavregryns-1536x1152.jpg 1536w, https:\/\/www.fhswe.se\/wp-content\/uploads\/2023\/09\/AppelochHavregryns-2048x1536.jpg 2048w\" sizes=\"auto, (max-width: 706px) 89vw, (max-width: 767px) 82vw, 740px\" \/><\/figure>\n\n\n\n<p><strong>Ingredienser:<\/strong><\/p>\n\n\n\n<ol class=\"wp-block-list\">\n<li>2 \u00bd dl havregryn <\/li>\n\n\n\n<li>1 \u00e4pple (skalat, urk\u00e4rnat och rivet)<\/li>\n\n\n\n<li>1 \u00e4gg<\/li>\n<\/ol>\n\n\n\n<p><strong>Instruktioner:<\/strong><\/p>\n\n\n\n<ol class=\"wp-block-list\">\n<li>F\u00f6rv\u00e4rm din ugn till 175\u00b0C och kl\u00e4 en bakpl\u00e5t med bakpl\u00e5tspapper.<\/li>\n\n\n\n<li>Skala, k\u00e4rna ur och riv \u00e4pplet. Du kan anv\u00e4nda en rivare eller matberedare f\u00f6r detta.<\/li>\n\n\n\n<li>I en sk\u00e5l, blanda havregrynen, det rivna \u00e4pplet och \u00e4gget tills du har en j\u00e4mn smet.<\/li>\n\n\n\n<li>Ta sm\u00e5 m\u00e4ngder av smeten och forma dem till sm\u00e5 bollar eller kakor, beroende p\u00e5 din preferens.<\/li>\n\n\n\n<li>Placera \u00e4ppel- och havre-godiset p\u00e5 den f\u00f6rberedda bakpl\u00e5ten.<\/li>\n\n\n\n<li>Gr\u00e4dda i ugnen i cirka 12-15 minuter, eller tills godisbitarna \u00e4r gyllenbruna.<\/li>\n\n\n\n<li>L\u00e5t dem svalna helt innan du ger dem till din hund.<\/li>\n\n\n\n<li>F\u00f6rvara de f\u00e4rdiga godisbitarna i en luftt\u00e4t beh\u00e5llare i kylsk\u00e5p f\u00f6r att f\u00f6rl\u00e4nga h\u00e5llbarheten.<\/li>\n<\/ol>\n\n\n\n<p>Det h\u00e4r receptet ger din hund en godbit med smak av \u00e4pple och havre. \u00c4pplet ger naturlig s\u00f6tma och havregrynen bidrar med fibrer. Se till att din hund inte \u00e4r allergisk mot n\u00e5gon av ingredienserna och ge godis i m\u00e5ttliga m\u00e4ngder som en del av en balanserad kost.<\/p>\n","protected":false},"excerpt":{"rendered":"<p>Ingredienser: Instruktioner: Det h\u00e4r receptet ger din hund en godbit med smak av \u00e4pple och havre. \u00c4pplet ger naturlig s\u00f6tma och havregrynen bidrar med fibrer. Se till att din hund inte \u00e4r allergisk mot n\u00e5gon av ingredienserna och ge godis i m\u00e5ttliga m\u00e4ngder som en del av en balanserad kost.<\/p>\n","protected":false},"author":3,"featured_media":0,"parent":0,"menu_order":0,"comment_status":"closed","ping_status":"closed","template":"","meta":{"ngg_post_thumbnail":0,"footnotes":""},"class_list":["post-701","page","type-page","status-publish","hentry"],"aioseo_notices":[],"_links":{"self":[{"href":"https:\/\/www.fhswe.se\/index.php\/wp-json\/wp\/v2\/pages\/701","targetHints":{"allow":["GET"]}}],"collection":[{"href":"https:\/\/www.fhswe.se\/index.php\/wp-json\/wp\/v2\/pages"}],"about":[{"href":"https:\/\/www.fhswe.se\/index.php\/wp-json\/wp\/v2\/types\/page"}],"author":[{"embeddable":true,"href":"https:\/\/www.fhswe.se\/index.php\/wp-json\/wp\/v2\/users\/3"}],"replies":[{"embeddable":true,"href":"https:\/\/www.fhswe.se\/index.php\/wp-json\/wp\/v2\/comments?post=701"}],"version-history":[{"count":3,"href":"https:\/\/www.fhswe.se\/index.php\/wp-json\/wp\/v2\/pages\/701\/revisions"}],"predecessor-version":[{"id":715,"href":"https:\/\/www.fhswe.se\/index.php\/wp-json\/wp\/v2\/pages\/701\/revisions\/715"}],"wp:attachment":[{"href":"https:\/\/www.fhswe.se\/index.php\/wp-json\/wp\/v2\/media?parent=701"}],"curies":[{"name":"wp","href":"https:\/\/api.w.org\/{rel}","templated":true}]}}