{"id":694,"date":"2023-09-10T15:54:12","date_gmt":"2023-09-10T13:54:12","guid":{"rendered":"https:\/\/www.fhswe.se\/?page_id=694"},"modified":"2023-09-10T15:54:16","modified_gmt":"2023-09-10T13:54:16","slug":"mjukt-hundgodis-med-havre-och-honung","status":"publish","type":"page","link":"https:\/\/www.fhswe.se\/index.php\/mjukt-hundgodis-med-havre-och-honung\/","title":{"rendered":"Mjukt Hundgodis med Havre och Honung"},"content":{"rendered":"\n<p>[BILD KOMMER SNART]<\/p>\n\n\n\n<p><strong>Ingredienser:<\/strong><\/p>\n\n\n\n<ol class=\"wp-block-list\">\n<li>1 \u00bd dl havregryn <\/li>\n\n\n\n<li>2 msk honung<\/li>\n\n\n\n<li>1 moget banan (mosad)<\/li>\n\n\n\n<li>1 \u00e4gg<\/li>\n<\/ol>\n\n\n\n<p><strong>Instruktioner:<\/strong><\/p>\n\n\n\n<ol class=\"wp-block-list\">\n<li>F\u00f6rv\u00e4rm din ugn till 175\u00b0C och kl\u00e4 en bakpl\u00e5t med bakpl\u00e5tspapper.<\/li>\n\n\n\n<li>I en sk\u00e5l, blanda havregrynen, honungen, den mosade bananen och \u00e4gget tills du har en j\u00e4mn smet.<\/li>\n\n\n\n<li>Sked ut sm\u00e5 m\u00e4ngder av smeten p\u00e5 den f\u00f6rberedda bakpl\u00e5ten. Du kan anv\u00e4nda en sked eller formar f\u00f6r att g\u00f6ra sm\u00e5 kakor eller klickar.<\/li>\n\n\n\n<li>Gr\u00e4dda i ugnen i cirka 10-12 minuter, eller tills godisbitarna \u00e4r gyllenbruna.<\/li>\n\n\n\n<li>L\u00e5t dem svalna helt innan du ger dem till din hund.<\/li>\n\n\n\n<li>F\u00f6rvara de f\u00e4rdiga godisbitarna i en luftt\u00e4t beh\u00e5llare i kylsk\u00e5p f\u00f6r att f\u00f6rl\u00e4nga h\u00e5llbarheten.<\/li>\n<\/ol>\n\n\n\n<p>Detta recept ger mjuka och smakliga godisbitar som din hund kommer att \u00e4lska. Banan ger naturlig s\u00f6tma, och havregrynen ger fibrer. Var noga med att inte \u00f6verfodra din hund med godis, eftersom godis b\u00f6r ges i m\u00e5ttliga m\u00e4ngder som en del av en balanserad kost.<\/p>\n","protected":false},"excerpt":{"rendered":"<p>[BILD KOMMER SNART] Ingredienser: Instruktioner: Detta recept ger mjuka och smakliga godisbitar som din hund kommer att \u00e4lska. Banan ger naturlig s\u00f6tma, och havregrynen ger fibrer. Var noga med att inte \u00f6verfodra din hund med godis, eftersom godis b\u00f6r ges i m\u00e5ttliga m\u00e4ngder som en del av en balanserad kost.<\/p>\n","protected":false},"author":3,"featured_media":0,"parent":0,"menu_order":0,"comment_status":"closed","ping_status":"closed","template":"","meta":{"ngg_post_thumbnail":0,"footnotes":""},"class_list":["post-694","page","type-page","status-publish","hentry"],"aioseo_notices":[],"_links":{"self":[{"href":"https:\/\/www.fhswe.se\/index.php\/wp-json\/wp\/v2\/pages\/694","targetHints":{"allow":["GET"]}}],"collection":[{"href":"https:\/\/www.fhswe.se\/index.php\/wp-json\/wp\/v2\/pages"}],"about":[{"href":"https:\/\/www.fhswe.se\/index.php\/wp-json\/wp\/v2\/types\/page"}],"author":[{"embeddable":true,"href":"https:\/\/www.fhswe.se\/index.php\/wp-json\/wp\/v2\/users\/3"}],"replies":[{"embeddable":true,"href":"https:\/\/www.fhswe.se\/index.php\/wp-json\/wp\/v2\/comments?post=694"}],"version-history":[{"count":1,"href":"https:\/\/www.fhswe.se\/index.php\/wp-json\/wp\/v2\/pages\/694\/revisions"}],"predecessor-version":[{"id":695,"href":"https:\/\/www.fhswe.se\/index.php\/wp-json\/wp\/v2\/pages\/694\/revisions\/695"}],"wp:attachment":[{"href":"https:\/\/www.fhswe.se\/index.php\/wp-json\/wp\/v2\/media?parent=694"}],"curies":[{"name":"wp","href":"https:\/\/api.w.org\/{rel}","templated":true}]}}