{"id":692,"date":"2023-09-10T15:53:10","date_gmt":"2023-09-10T13:53:10","guid":{"rendered":"https:\/\/www.fhswe.se\/?page_id=692"},"modified":"2023-09-10T15:53:18","modified_gmt":"2023-09-10T13:53:18","slug":"morot-och-appelgodis","status":"publish","type":"page","link":"https:\/\/www.fhswe.se\/index.php\/morot-och-appelgodis\/","title":{"rendered":"Morot- och \u00c4ppelgodis"},"content":{"rendered":"\n<p>[BILD KOMMER SNART]<\/p>\n\n\n\n<p><strong>Ingredienser:<\/strong><\/p>\n\n\n\n<ol class=\"wp-block-list\">\n<li>2 mor\u00f6tter<\/li>\n\n\n\n<li>1 \u00e4pple (skalat och urk\u00e4rnat)<\/li>\n<\/ol>\n\n\n\n<p><strong>Instruktioner:<\/strong><\/p>\n\n\n\n<ol class=\"wp-block-list\">\n<li>F\u00f6rv\u00e4rm din ugn till 90\u00b0C och kl\u00e4 en bakpl\u00e5t med bakpl\u00e5tspapper.<\/li>\n\n\n\n<li>Tv\u00e4tta och skala mor\u00f6tterna. Sk\u00e4r dem i tunna skivor eller strimlor.<\/li>\n\n\n\n<li>Skala och urk\u00e4rna \u00e4pplet. Sk\u00e4r det i sm\u00e5 bitar.<\/li>\n\n\n\n<li>Blanda de skivade mor\u00f6tterna och \u00e4ppelbitarna i en sk\u00e5l.<\/li>\n\n\n\n<li>Sprid ut morots- och \u00e4ppelblandningen i ett j\u00e4mnt lager p\u00e5 den f\u00f6rberedda bakpl\u00e5ten.<\/li>\n\n\n\n<li>Gr\u00e4dda i ugnen i cirka 2-3 timmar, eller tills mor\u00f6tterna och \u00e4pplet har torkat och blivit krispigt.<\/li>\n\n\n\n<li>L\u00e5t godisbitarna svalna helt innan du ger dem till din hund.<\/li>\n\n\n\n<li>F\u00f6rvara de f\u00e4rdiga godisbitarna i en luftt\u00e4t burk eller p\u00e5se.<\/li>\n<\/ol>\n\n\n\n<p>Det h\u00e4r receptet ger din hund en h\u00e4lsosam och krispig godbit med smak av morot och \u00e4pple. B\u00e5de mor\u00f6tter och \u00e4pplen \u00e4r bra k\u00e4llor till fibrer och andra nyttiga n\u00e4rings\u00e4mnen. Se till att sk\u00e4ra alla ingredienser i bitar som \u00e4r s\u00e4kra f\u00f6r din hund att \u00e4ta och \u00f6vervaka din hund n\u00e4r den \u00e4ter nya godisar f\u00f6r eventuella allergiska reaktioner. Ge hundgodis i m\u00e5ttliga m\u00e4ngder som en del av en balanserad kost.<\/p>\n","protected":false},"excerpt":{"rendered":"<p>[BILD KOMMER SNART] Ingredienser: Instruktioner: Det h\u00e4r receptet ger din hund en h\u00e4lsosam och krispig godbit med smak av morot och \u00e4pple. B\u00e5de mor\u00f6tter och \u00e4pplen \u00e4r bra k\u00e4llor till fibrer och andra nyttiga n\u00e4rings\u00e4mnen. Se till att sk\u00e4ra alla ingredienser i bitar som \u00e4r s\u00e4kra f\u00f6r din hund att \u00e4ta och \u00f6vervaka din hund &hellip; <\/p>\n<p class=\"link-more\"><a href=\"https:\/\/www.fhswe.se\/index.php\/morot-och-appelgodis\/\" class=\"more-link\">Forts\u00e4tt l\u00e4sa<span class=\"screen-reader-text\"> \u201dMorot- och \u00c4ppelgodis\u201d<\/span><\/a><\/p>\n","protected":false},"author":3,"featured_media":0,"parent":0,"menu_order":0,"comment_status":"closed","ping_status":"closed","template":"","meta":{"ngg_post_thumbnail":0,"footnotes":""},"class_list":["post-692","page","type-page","status-publish","hentry"],"aioseo_notices":[],"_links":{"self":[{"href":"https:\/\/www.fhswe.se\/index.php\/wp-json\/wp\/v2\/pages\/692","targetHints":{"allow":["GET"]}}],"collection":[{"href":"https:\/\/www.fhswe.se\/index.php\/wp-json\/wp\/v2\/pages"}],"about":[{"href":"https:\/\/www.fhswe.se\/index.php\/wp-json\/wp\/v2\/types\/page"}],"author":[{"embeddable":true,"href":"https:\/\/www.fhswe.se\/index.php\/wp-json\/wp\/v2\/users\/3"}],"replies":[{"embeddable":true,"href":"https:\/\/www.fhswe.se\/index.php\/wp-json\/wp\/v2\/comments?post=692"}],"version-history":[{"count":1,"href":"https:\/\/www.fhswe.se\/index.php\/wp-json\/wp\/v2\/pages\/692\/revisions"}],"predecessor-version":[{"id":693,"href":"https:\/\/www.fhswe.se\/index.php\/wp-json\/wp\/v2\/pages\/692\/revisions\/693"}],"wp:attachment":[{"href":"https:\/\/www.fhswe.se\/index.php\/wp-json\/wp\/v2\/media?parent=692"}],"curies":[{"name":"wp","href":"https:\/\/api.w.org\/{rel}","templated":true}]}}