{"id":690,"date":"2023-09-10T15:52:29","date_gmt":"2023-09-10T13:52:29","guid":{"rendered":"https:\/\/www.fhswe.se\/?page_id=690"},"modified":"2023-09-10T15:52:36","modified_gmt":"2023-09-10T13:52:36","slug":"sotpotatis-och-kycklinggodis","status":"publish","type":"page","link":"https:\/\/www.fhswe.se\/index.php\/sotpotatis-och-kycklinggodis\/","title":{"rendered":"S\u00f6tpotatis- och Kycklinggodis"},"content":{"rendered":"\n<p>[BILD KOMMER SNART]<\/p>\n\n\n\n<p><strong>Ingredienser:<\/strong><\/p>\n\n\n\n<ol class=\"wp-block-list\">\n<li>2 s\u00f6tpotatisar<\/li>\n\n\n\n<li>1 kopp kokt kyckling (t\u00e4rnad eller finhackad)<\/li>\n<\/ol>\n\n\n\n<p><strong>Instruktioner:<\/strong><\/p>\n\n\n\n<ol class=\"wp-block-list\">\n<li>F\u00f6rv\u00e4rm din ugn till 120\u00b0C och kl\u00e4 en bakpl\u00e5t med bakpl\u00e5tspapper.<\/li>\n\n\n\n<li>Skala s\u00f6tpotatisarna och sk\u00e4r dem i tunna skivor eller strimlor.<\/li>\n\n\n\n<li>Placera de s\u00f6tpotatisstrimlorna p\u00e5 den f\u00f6rberedda bakpl\u00e5ten.<\/li>\n\n\n\n<li>Gr\u00e4dda i ugnen i cirka 2-3 timmar, eller tills s\u00f6tpotatisen torkat och blivit krispig.<\/li>\n\n\n\n<li>L\u00e5t s\u00f6tpotatisen svalna helt innan du ger dem till din hund.<\/li>\n\n\n\n<li>Koka kycklingen om den inte redan \u00e4r kokt. Du kan anv\u00e4nda kokt kyckling eller rester fr\u00e5n en tidigare m\u00e5ltid.<\/li>\n\n\n\n<li>T\u00e4rna eller finhacka den kokta kycklingen.<\/li>\n\n\n\n<li>Blanda de t\u00e4rnade kycklingbitarna med de torkade s\u00f6tpotatisstrimlorna.<\/li>\n\n\n\n<li>F\u00f6rvara de f\u00e4rdiga godisbitarna i en luftt\u00e4t burk eller p\u00e5se.<\/li>\n<\/ol>\n\n\n\n<p>Detta recept ger din hund en h\u00e4lsosam och smaklig godbit. S\u00f6tpotatisen ger godisbitarna en naturlig s\u00f6tma och kycklingen \u00e4r en utm\u00e4rkt k\u00e4lla till protein. Se till att s\u00f6tpotatisstrimlorna \u00e4r tillr\u00e4ckligt sm\u00e5 s\u00e5 att din hund inte riskerar att kv\u00e4vas p\u00e5 dem. Som alltid, ge hundgodis i m\u00e5ttliga m\u00e4ngder f\u00f6r att bibeh\u00e5lla en balanserad kost.<\/p>\n","protected":false},"excerpt":{"rendered":"<p>[BILD KOMMER SNART] Ingredienser: Instruktioner: Detta recept ger din hund en h\u00e4lsosam och smaklig godbit. S\u00f6tpotatisen ger godisbitarna en naturlig s\u00f6tma och kycklingen \u00e4r en utm\u00e4rkt k\u00e4lla till protein. Se till att s\u00f6tpotatisstrimlorna \u00e4r tillr\u00e4ckligt sm\u00e5 s\u00e5 att din hund inte riskerar att kv\u00e4vas p\u00e5 dem. Som alltid, ge hundgodis i m\u00e5ttliga m\u00e4ngder f\u00f6r att &hellip; <\/p>\n<p class=\"link-more\"><a href=\"https:\/\/www.fhswe.se\/index.php\/sotpotatis-och-kycklinggodis\/\" class=\"more-link\">Forts\u00e4tt l\u00e4sa<span class=\"screen-reader-text\"> \u201dS\u00f6tpotatis- och Kycklinggodis\u201d<\/span><\/a><\/p>\n","protected":false},"author":3,"featured_media":0,"parent":0,"menu_order":0,"comment_status":"closed","ping_status":"closed","template":"","meta":{"ngg_post_thumbnail":0,"footnotes":""},"class_list":["post-690","page","type-page","status-publish","hentry"],"aioseo_notices":[],"_links":{"self":[{"href":"https:\/\/www.fhswe.se\/index.php\/wp-json\/wp\/v2\/pages\/690","targetHints":{"allow":["GET"]}}],"collection":[{"href":"https:\/\/www.fhswe.se\/index.php\/wp-json\/wp\/v2\/pages"}],"about":[{"href":"https:\/\/www.fhswe.se\/index.php\/wp-json\/wp\/v2\/types\/page"}],"author":[{"embeddable":true,"href":"https:\/\/www.fhswe.se\/index.php\/wp-json\/wp\/v2\/users\/3"}],"replies":[{"embeddable":true,"href":"https:\/\/www.fhswe.se\/index.php\/wp-json\/wp\/v2\/comments?post=690"}],"version-history":[{"count":1,"href":"https:\/\/www.fhswe.se\/index.php\/wp-json\/wp\/v2\/pages\/690\/revisions"}],"predecessor-version":[{"id":691,"href":"https:\/\/www.fhswe.se\/index.php\/wp-json\/wp\/v2\/pages\/690\/revisions\/691"}],"wp:attachment":[{"href":"https:\/\/www.fhswe.se\/index.php\/wp-json\/wp\/v2\/media?parent=690"}],"curies":[{"name":"wp","href":"https:\/\/api.w.org\/{rel}","templated":true}]}}