{"id":688,"date":"2023-09-10T15:51:44","date_gmt":"2023-09-10T13:51:44","guid":{"rendered":"https:\/\/www.fhswe.se\/?page_id=688"},"modified":"2023-09-10T15:51:50","modified_gmt":"2023-09-10T13:51:50","slug":"turkisk-yogurt-och-blabarsgodis","status":"publish","type":"page","link":"https:\/\/www.fhswe.se\/index.php\/turkisk-yogurt-och-blabarsgodis\/","title":{"rendered":"Turkisk Yogurt- och Bl\u00e5b\u00e4rsgodis"},"content":{"rendered":"\n<p>[BILD KOMMER SNART]<\/p>\n\n\n\n<p><strong>Ingredienser:<\/strong><\/p>\n\n\n\n<ol class=\"wp-block-list\">\n<li>1 kopp os\u00f6tad turkisk yoghurt<\/li>\n\n\n\n<li>1 kopp frysta bl\u00e5b\u00e4r (tinade och avrunna)<\/li>\n\n\n\n<li>En nypa kanel (valfritt, men anv\u00e4nd den sparsamt om din hund inte \u00e4r allergisk)<\/li>\n<\/ol>\n\n\n\n<p><strong>Instruktioner:<\/strong><\/p>\n\n\n\n<ol class=\"wp-block-list\">\n<li>I en sk\u00e5l, blanda den os\u00f6tade turkiska yoghurten med de tinade och avrunna bl\u00e5b\u00e4ren.<\/li>\n\n\n\n<li>Om du vill, tills\u00e4tt en nypa kanel f\u00f6r extra smak. T\u00e4nk p\u00e5 att anv\u00e4nda kanel sparsamt och se till att din hund inte \u00e4r allergisk mot den.<\/li>\n\n\n\n<li>Skeda sm\u00e5 m\u00e4ngder av blandningen p\u00e5 en bricka eller en iskubbricka.<\/li>\n\n\n\n<li>L\u00e5t godisbitarna frysa i frysen i cirka 2-3 timmar, eller tills de \u00e4r helt frysta och fasta.<\/li>\n\n\n\n<li>Ta bort godisbitarna fr\u00e5n frysen och l\u00e5t dem svalna i n\u00e5gra minuter innan du ger dem till din hund.<\/li>\n\n\n\n<li>F\u00f6rvara de f\u00e4rdiga godisbitarna i en luftt\u00e4t burk eller p\u00e5se i frysen.<\/li>\n<\/ol>\n\n\n\n<p>Detta \u00e4r en enkel och svalkande godbit f\u00f6r din hund, s\u00e4rskilt bra p\u00e5 varma dagar. Bl\u00e5b\u00e4r \u00e4r rika p\u00e5 antioxidanter och tillsammans med yoghurten ger de en god smak. Se till att inte anv\u00e4nda yoghurt med tillsatt socker eller xylitol, som \u00e4r giftigt f\u00f6r hundar. Ge hundgodis i m\u00e5ttliga m\u00e4ngder som en del av en balanserad kost.<\/p>\n","protected":false},"excerpt":{"rendered":"<p>[BILD KOMMER SNART] Ingredienser: Instruktioner: Detta \u00e4r en enkel och svalkande godbit f\u00f6r din hund, s\u00e4rskilt bra p\u00e5 varma dagar. Bl\u00e5b\u00e4r \u00e4r rika p\u00e5 antioxidanter och tillsammans med yoghurten ger de en god smak. Se till att inte anv\u00e4nda yoghurt med tillsatt socker eller xylitol, som \u00e4r giftigt f\u00f6r hundar. Ge hundgodis i m\u00e5ttliga m\u00e4ngder &hellip; <\/p>\n<p class=\"link-more\"><a href=\"https:\/\/www.fhswe.se\/index.php\/turkisk-yogurt-och-blabarsgodis\/\" class=\"more-link\">Forts\u00e4tt l\u00e4sa<span class=\"screen-reader-text\"> \u201dTurkisk Yogurt- och Bl\u00e5b\u00e4rsgodis\u201d<\/span><\/a><\/p>\n","protected":false},"author":3,"featured_media":0,"parent":0,"menu_order":0,"comment_status":"closed","ping_status":"closed","template":"","meta":{"ngg_post_thumbnail":0,"footnotes":""},"class_list":["post-688","page","type-page","status-publish","hentry"],"aioseo_notices":[],"_links":{"self":[{"href":"https:\/\/www.fhswe.se\/index.php\/wp-json\/wp\/v2\/pages\/688","targetHints":{"allow":["GET"]}}],"collection":[{"href":"https:\/\/www.fhswe.se\/index.php\/wp-json\/wp\/v2\/pages"}],"about":[{"href":"https:\/\/www.fhswe.se\/index.php\/wp-json\/wp\/v2\/types\/page"}],"author":[{"embeddable":true,"href":"https:\/\/www.fhswe.se\/index.php\/wp-json\/wp\/v2\/users\/3"}],"replies":[{"embeddable":true,"href":"https:\/\/www.fhswe.se\/index.php\/wp-json\/wp\/v2\/comments?post=688"}],"version-history":[{"count":1,"href":"https:\/\/www.fhswe.se\/index.php\/wp-json\/wp\/v2\/pages\/688\/revisions"}],"predecessor-version":[{"id":689,"href":"https:\/\/www.fhswe.se\/index.php\/wp-json\/wp\/v2\/pages\/688\/revisions\/689"}],"wp:attachment":[{"href":"https:\/\/www.fhswe.se\/index.php\/wp-json\/wp\/v2\/media?parent=688"}],"curies":[{"name":"wp","href":"https:\/\/api.w.org\/{rel}","templated":true}]}}