{"id":686,"date":"2023-09-10T15:50:39","date_gmt":"2023-09-10T13:50:39","guid":{"rendered":"https:\/\/www.fhswe.se\/?page_id=686"},"modified":"2023-09-10T15:50:45","modified_gmt":"2023-09-10T13:50:45","slug":"havrebollar","status":"publish","type":"page","link":"https:\/\/www.fhswe.se\/index.php\/havrebollar\/","title":{"rendered":"Havrebollar"},"content":{"rendered":"\n<p>[BILD KOMMER SNART]<\/p>\n\n\n\n<p><strong>Ingredienser:<\/strong><\/p>\n\n\n\n<ol class=\"wp-block-list\">\n<li>2 \u00bd dl havregryn <\/li>\n\n\n\n<li>2 msk osaltat jordn\u00f6tssm\u00f6r (se till att det inte inneh\u00e5ller xylitol, vilket \u00e4r giftigt f\u00f6r hundar)<\/li>\n\n\n\n<li>2 msk honung<\/li>\n\n\n\n<li>1 mogen banan, mosad<\/li>\n<\/ol>\n\n\n\n<p><strong>Instruktioner:<\/strong><\/p>\n\n\n\n<ol class=\"wp-block-list\">\n<li>I en sk\u00e5l, blanda havregrynen, jordn\u00f6tssm\u00f6r, honung och den mosade bananen tills du har en j\u00e4mn smet. Om smeten \u00e4r f\u00f6r kladdig, kan du tills\u00e4tta lite mer havregryn tills den blir mer formbar.<\/li>\n\n\n\n<li>Ta sm\u00e5 m\u00e4ngder av smeten och forma dem till sm\u00e5 bollar. Du kan ocks\u00e5 trycka ut smeten f\u00f6r att g\u00f6ra sm\u00e5 kakor om du f\u00f6redrar det.<\/li>\n\n\n\n<li>Placera havrebollarna p\u00e5 en tallrik eller bricka.<\/li>\n\n\n\n<li>L\u00e5t havrebollarna stelna i frysen i cirka 30 minuter f\u00f6r att g\u00f6ra dem mer fasta.<\/li>\n\n\n\n<li>N\u00e4r de \u00e4r fasta, kan du f\u00f6rvara de f\u00e4rdiga havrebollarna i en luftt\u00e4t burk eller p\u00e5se i kylsk\u00e5p.<\/li>\n<\/ol>\n\n\n\n<p>Detta recept ger din hund en godbit som \u00e4r b\u00e5de enkel att g\u00f6ra och smaklig. Jordn\u00f6tssm\u00f6r ger smak och protein, honung ger s\u00f6tma, och havregryn ger fiber. Kom ih\u00e5g att anv\u00e4nda jordn\u00f6tssm\u00f6r utan xylitol, och se till att din hund inte \u00e4r allergisk mot n\u00e5gon av ingredienserna. Ge alltid hundgodis i m\u00e5ttliga m\u00e4ngder som en del av en balanserad kost.<\/p>\n","protected":false},"excerpt":{"rendered":"<p>[BILD KOMMER SNART] Ingredienser: Instruktioner: Detta recept ger din hund en godbit som \u00e4r b\u00e5de enkel att g\u00f6ra och smaklig. Jordn\u00f6tssm\u00f6r ger smak och protein, honung ger s\u00f6tma, och havregryn ger fiber. Kom ih\u00e5g att anv\u00e4nda jordn\u00f6tssm\u00f6r utan xylitol, och se till att din hund inte \u00e4r allergisk mot n\u00e5gon av ingredienserna. Ge alltid hundgodis &hellip; <\/p>\n<p class=\"link-more\"><a href=\"https:\/\/www.fhswe.se\/index.php\/havrebollar\/\" class=\"more-link\">Forts\u00e4tt l\u00e4sa<span class=\"screen-reader-text\"> \u201dHavrebollar\u201d<\/span><\/a><\/p>\n","protected":false},"author":3,"featured_media":0,"parent":0,"menu_order":0,"comment_status":"closed","ping_status":"closed","template":"","meta":{"ngg_post_thumbnail":0,"footnotes":""},"class_list":["post-686","page","type-page","status-publish","hentry"],"aioseo_notices":[],"_links":{"self":[{"href":"https:\/\/www.fhswe.se\/index.php\/wp-json\/wp\/v2\/pages\/686","targetHints":{"allow":["GET"]}}],"collection":[{"href":"https:\/\/www.fhswe.se\/index.php\/wp-json\/wp\/v2\/pages"}],"about":[{"href":"https:\/\/www.fhswe.se\/index.php\/wp-json\/wp\/v2\/types\/page"}],"author":[{"embeddable":true,"href":"https:\/\/www.fhswe.se\/index.php\/wp-json\/wp\/v2\/users\/3"}],"replies":[{"embeddable":true,"href":"https:\/\/www.fhswe.se\/index.php\/wp-json\/wp\/v2\/comments?post=686"}],"version-history":[{"count":1,"href":"https:\/\/www.fhswe.se\/index.php\/wp-json\/wp\/v2\/pages\/686\/revisions"}],"predecessor-version":[{"id":687,"href":"https:\/\/www.fhswe.se\/index.php\/wp-json\/wp\/v2\/pages\/686\/revisions\/687"}],"wp:attachment":[{"href":"https:\/\/www.fhswe.se\/index.php\/wp-json\/wp\/v2\/media?parent=686"}],"curies":[{"name":"wp","href":"https:\/\/api.w.org\/{rel}","templated":true}]}}