{"id":684,"date":"2023-09-10T15:49:57","date_gmt":"2023-09-10T13:49:57","guid":{"rendered":"https:\/\/www.fhswe.se\/?page_id=684"},"modified":"2023-09-10T15:50:04","modified_gmt":"2023-09-10T13:50:04","slug":"bongodis","status":"publish","type":"page","link":"https:\/\/www.fhswe.se\/index.php\/bongodis\/","title":{"rendered":"B\u00f6ngodis"},"content":{"rendered":"\n<p>[BILD KOMMER SNART]<\/p>\n\n\n\n<p><strong>Ingredienser:<\/strong><\/p>\n\n\n\n<ol class=\"wp-block-list\">\n<li>1 burk (ca 400 g) kokta b\u00f6nor (t.ex. svarta b\u00f6nor eller kidneyb\u00f6nor), sk\u00f6ljda och avrunna<\/li>\n\n\n\n<li>1 msk olivolja eller kokosolja<\/li>\n\n\n\n<li>1\/2 tsk torkad rosmarin (valfritt, f\u00f6r smak)<\/li>\n<\/ol>\n\n\n\n<p><strong>Instruktioner:<\/strong><\/p>\n\n\n\n<ol class=\"wp-block-list\">\n<li>F\u00f6rv\u00e4rm din ugn till 180\u00b0C och kl\u00e4 en bakpl\u00e5t med bakpl\u00e5tspapper.<\/li>\n\n\n\n<li>Tills\u00e4tt de sk\u00f6ljda och avrunna b\u00f6norna i en sk\u00e5l.<\/li>\n\n\n\n<li>Tills\u00e4tt olivolja eller kokosolja till b\u00f6norna och blanda v\u00e4l s\u00e5 att de \u00e4r j\u00e4mnt t\u00e4ckta.<\/li>\n\n\n\n<li>Om du vill, tills\u00e4tt torkad rosmarin f\u00f6r smak. Se till att krydda sparsamt, och undvik att anv\u00e4nda ingredienser som kan vara skadliga f\u00f6r din hund.<\/li>\n\n\n\n<li>Sprid ut b\u00f6norna i ett j\u00e4mnt lager p\u00e5 den f\u00f6rberedda bakpl\u00e5ten.<\/li>\n\n\n\n<li>Gr\u00e4dda i ugnen i cirka 20-25 minuter, eller tills b\u00f6norna blir krispiga.<\/li>\n\n\n\n<li>L\u00e5t dem svalna helt innan du ger dem till din hund.<\/li>\n\n\n\n<li>F\u00f6rvara de f\u00e4rdiga b\u00f6n-godisbitarna i en luftt\u00e4t burk eller p\u00e5se.<\/li>\n<\/ol>\n\n\n\n<p>Det h\u00e4r receptet ger din hund en godbit med en trevlig krispighet och smak. B\u00f6nor \u00e4r en bra k\u00e4lla till protein och fibrer. Se till att anv\u00e4nda s\u00e4kra kryddor och smaks\u00e4ttningar som din hund t\u00e5l. Som alltid \u00e4r det viktigt att ge hundgodis i m\u00e5ttliga m\u00e4ngder f\u00f6r att bibeh\u00e5lla en balanserad kost.<\/p>\n","protected":false},"excerpt":{"rendered":"<p>[BILD KOMMER SNART] Ingredienser: Instruktioner: Det h\u00e4r receptet ger din hund en godbit med en trevlig krispighet och smak. B\u00f6nor \u00e4r en bra k\u00e4lla till protein och fibrer. Se till att anv\u00e4nda s\u00e4kra kryddor och smaks\u00e4ttningar som din hund t\u00e5l. Som alltid \u00e4r det viktigt att ge hundgodis i m\u00e5ttliga m\u00e4ngder f\u00f6r att bibeh\u00e5lla en &hellip; <\/p>\n<p class=\"link-more\"><a href=\"https:\/\/www.fhswe.se\/index.php\/bongodis\/\" class=\"more-link\">Forts\u00e4tt l\u00e4sa<span class=\"screen-reader-text\"> \u201dB\u00f6ngodis\u201d<\/span><\/a><\/p>\n","protected":false},"author":3,"featured_media":0,"parent":0,"menu_order":0,"comment_status":"closed","ping_status":"closed","template":"","meta":{"ngg_post_thumbnail":0,"footnotes":""},"class_list":["post-684","page","type-page","status-publish","hentry"],"aioseo_notices":[],"_links":{"self":[{"href":"https:\/\/www.fhswe.se\/index.php\/wp-json\/wp\/v2\/pages\/684","targetHints":{"allow":["GET"]}}],"collection":[{"href":"https:\/\/www.fhswe.se\/index.php\/wp-json\/wp\/v2\/pages"}],"about":[{"href":"https:\/\/www.fhswe.se\/index.php\/wp-json\/wp\/v2\/types\/page"}],"author":[{"embeddable":true,"href":"https:\/\/www.fhswe.se\/index.php\/wp-json\/wp\/v2\/users\/3"}],"replies":[{"embeddable":true,"href":"https:\/\/www.fhswe.se\/index.php\/wp-json\/wp\/v2\/comments?post=684"}],"version-history":[{"count":1,"href":"https:\/\/www.fhswe.se\/index.php\/wp-json\/wp\/v2\/pages\/684\/revisions"}],"predecessor-version":[{"id":685,"href":"https:\/\/www.fhswe.se\/index.php\/wp-json\/wp\/v2\/pages\/684\/revisions\/685"}],"wp:attachment":[{"href":"https:\/\/www.fhswe.se\/index.php\/wp-json\/wp\/v2\/media?parent=684"}],"curies":[{"name":"wp","href":"https:\/\/api.w.org\/{rel}","templated":true}]}}