{"id":682,"date":"2023-09-10T15:49:20","date_gmt":"2023-09-10T13:49:20","guid":{"rendered":"https:\/\/www.fhswe.se\/?page_id=682"},"modified":"2023-09-10T15:49:25","modified_gmt":"2023-09-10T13:49:25","slug":"kikartsgodis","status":"publish","type":"page","link":"https:\/\/www.fhswe.se\/index.php\/kikartsgodis\/","title":{"rendered":"Kik\u00e4rtsgodis"},"content":{"rendered":"\n<p>[BILD KOMMER SNART]<\/p>\n\n\n\n<p><strong>Ingredienser:<\/strong><\/p>\n\n\n\n<ol class=\"wp-block-list\">\n<li>1 burk (ca 400 g) kokta kik\u00e4rtor, sk\u00f6ljda och avrunna<\/li>\n\n\n\n<li>2 msk olivolja eller kokosolja<\/li>\n\n\n\n<li>En nypa salt (valfritt, men anv\u00e4nd inte mycket)<\/li>\n\n\n\n<li>1\/2 tsk torkad persilja (valfritt, f\u00f6r smak)<\/li>\n<\/ol>\n\n\n\n<p><strong>Instruktioner:<\/strong><\/p>\n\n\n\n<ol class=\"wp-block-list\">\n<li>F\u00f6rv\u00e4rm din ugn till 180\u00b0C och kl\u00e4 en bakpl\u00e5t med bakpl\u00e5tspapper.<\/li>\n\n\n\n<li>Tills\u00e4tt de sk\u00f6ljda och avrunna kik\u00e4rtorna i en sk\u00e5l. Om du vill kan du kl\u00e4mma av skalet fr\u00e5n kik\u00e4rtorna f\u00f6r en extra krispighet, men det \u00e4r valfritt.<\/li>\n\n\n\n<li>Tills\u00e4tt olivolja eller kokosolja till kik\u00e4rtorna och blanda v\u00e4l s\u00e5 att de \u00e4r j\u00e4mnt t\u00e4ckta.<\/li>\n\n\n\n<li>Om du vill, tills\u00e4tt en nypa salt och torkad persilja f\u00f6r smak. Kom ih\u00e5g att anv\u00e4nda salt sparsamt, och se till att det inte \u00e4r f\u00f6r mycket f\u00f6r din hunds h\u00e4lsa.<\/li>\n\n\n\n<li>Sprid ut kik\u00e4rtorna i ett j\u00e4mnt lager p\u00e5 den f\u00f6rberedda bakpl\u00e5ten.<\/li>\n\n\n\n<li>Gr\u00e4dda i ugnen i cirka 25-30 minuter, eller tills kik\u00e4rtorna blir krispiga.<\/li>\n\n\n\n<li>L\u00e5t dem svalna helt innan du ger dem till din hund.<\/li>\n\n\n\n<li>F\u00f6rvara de f\u00e4rdiga kik\u00e4rts-godisbitarna i en luftt\u00e4t burk eller p\u00e5se.<\/li>\n<\/ol>\n\n\n\n<p>Detta recept \u00e4r enkelt och ger din hund en h\u00e4lsosam och krispig godbit. Kik\u00e4rtor \u00e4r en bra k\u00e4lla till protein och fibrer. Se till att inte anv\u00e4nda f\u00f6r mycket salt, och om din hund har n\u00e5gra speciella kostbegr\u00e4nsningar, kolla med din veterin\u00e4r innan du introducerar nya ingredienser i dess diet.<\/p>\n","protected":false},"excerpt":{"rendered":"<p>[BILD KOMMER SNART] Ingredienser: Instruktioner: Detta recept \u00e4r enkelt och ger din hund en h\u00e4lsosam och krispig godbit. Kik\u00e4rtor \u00e4r en bra k\u00e4lla till protein och fibrer. Se till att inte anv\u00e4nda f\u00f6r mycket salt, och om din hund har n\u00e5gra speciella kostbegr\u00e4nsningar, kolla med din veterin\u00e4r innan du introducerar nya ingredienser i dess diet.<\/p>\n","protected":false},"author":3,"featured_media":0,"parent":0,"menu_order":0,"comment_status":"closed","ping_status":"closed","template":"","meta":{"ngg_post_thumbnail":0,"footnotes":""},"class_list":["post-682","page","type-page","status-publish","hentry"],"aioseo_notices":[],"_links":{"self":[{"href":"https:\/\/www.fhswe.se\/index.php\/wp-json\/wp\/v2\/pages\/682","targetHints":{"allow":["GET"]}}],"collection":[{"href":"https:\/\/www.fhswe.se\/index.php\/wp-json\/wp\/v2\/pages"}],"about":[{"href":"https:\/\/www.fhswe.se\/index.php\/wp-json\/wp\/v2\/types\/page"}],"author":[{"embeddable":true,"href":"https:\/\/www.fhswe.se\/index.php\/wp-json\/wp\/v2\/users\/3"}],"replies":[{"embeddable":true,"href":"https:\/\/www.fhswe.se\/index.php\/wp-json\/wp\/v2\/comments?post=682"}],"version-history":[{"count":1,"href":"https:\/\/www.fhswe.se\/index.php\/wp-json\/wp\/v2\/pages\/682\/revisions"}],"predecessor-version":[{"id":683,"href":"https:\/\/www.fhswe.se\/index.php\/wp-json\/wp\/v2\/pages\/682\/revisions\/683"}],"wp:attachment":[{"href":"https:\/\/www.fhswe.se\/index.php\/wp-json\/wp\/v2\/media?parent=682"}],"curies":[{"name":"wp","href":"https:\/\/api.w.org\/{rel}","templated":true}]}}