{"id":680,"date":"2023-09-10T15:48:45","date_gmt":"2023-09-10T13:48:45","guid":{"rendered":"https:\/\/www.fhswe.se\/?page_id=680"},"modified":"2023-09-10T15:48:50","modified_gmt":"2023-09-10T13:48:50","slug":"mjolk-och-havremjolsgodis","status":"publish","type":"page","link":"https:\/\/www.fhswe.se\/index.php\/mjolk-och-havremjolsgodis\/","title":{"rendered":"Mj\u00f6lk- och Havremj\u00f6lsgodis"},"content":{"rendered":"\n<p>[BILD KOMMER SNART]<\/p>\n\n\n\n<p><strong>Ingredienser:<\/strong><\/p>\n\n\n\n<ol class=\"wp-block-list\">\n<li>2 \u00bd dl havremj\u00f6l <\/li>\n\n\n\n<li>\u00bd dl mj\u00f6lk<\/li>\n\n\n\n<li>1 \u00e4gg<\/li>\n<\/ol>\n\n\n\n<p><strong>Instruktioner:<\/strong><\/p>\n\n\n\n<ol class=\"wp-block-list\">\n<li>F\u00f6rv\u00e4rm din ugn till 175\u00b0C och kl\u00e4 en bakpl\u00e5t med bakpl\u00e5tspapper.<\/li>\n\n\n\n<li>I en sk\u00e5l, blanda havremj\u00f6let, mj\u00f6lken och \u00e4gget tills du har en j\u00e4mn smet.<\/li>\n\n\n\n<li>Ta sm\u00e5 m\u00e4ngder av smeten och forma dem till sm\u00e5 bollar eller kakor, beroende p\u00e5 vilken typ av godis du vill g\u00f6ra.<\/li>\n\n\n\n<li>Placera havre- och mj\u00f6lkgodiset p\u00e5 den f\u00f6rberedda bakpl\u00e5ten.<\/li>\n\n\n\n<li>Gr\u00e4dda i ugnen i cirka 15-20 minuter, eller tills godisbitarna \u00e4r gyllenbruna.<\/li>\n\n\n\n<li>L\u00e5t dem svalna helt innan du ger dem till din hund.<\/li>\n\n\n\n<li>F\u00f6rvara de f\u00e4rdiga godisbitarna i en luftt\u00e4t burk eller p\u00e5se.<\/li>\n<\/ol>\n\n\n\n<p>Detta mj\u00f6lbaserade recept ger en mild smak av havre och mj\u00f6lk som m\u00e5nga hundar gillar. Det \u00e4r enkelt att g\u00f6ra och perfekt f\u00f6r hundar som inte har n\u00e5gra speciella kostbegr\u00e4nsningar. Som alltid \u00e4r det viktigt att ge hundgodis i m\u00e5ttliga m\u00e4ngder f\u00f6r att bibeh\u00e5lla en balanserad kost.<\/p>\n","protected":false},"excerpt":{"rendered":"<p>[BILD KOMMER SNART] Ingredienser: Instruktioner: Detta mj\u00f6lbaserade recept ger en mild smak av havre och mj\u00f6lk som m\u00e5nga hundar gillar. Det \u00e4r enkelt att g\u00f6ra och perfekt f\u00f6r hundar som inte har n\u00e5gra speciella kostbegr\u00e4nsningar. Som alltid \u00e4r det viktigt att ge hundgodis i m\u00e5ttliga m\u00e4ngder f\u00f6r att bibeh\u00e5lla en balanserad kost.<\/p>\n","protected":false},"author":3,"featured_media":0,"parent":0,"menu_order":0,"comment_status":"closed","ping_status":"closed","template":"","meta":{"ngg_post_thumbnail":0,"footnotes":""},"class_list":["post-680","page","type-page","status-publish","hentry"],"aioseo_notices":[],"_links":{"self":[{"href":"https:\/\/www.fhswe.se\/index.php\/wp-json\/wp\/v2\/pages\/680","targetHints":{"allow":["GET"]}}],"collection":[{"href":"https:\/\/www.fhswe.se\/index.php\/wp-json\/wp\/v2\/pages"}],"about":[{"href":"https:\/\/www.fhswe.se\/index.php\/wp-json\/wp\/v2\/types\/page"}],"author":[{"embeddable":true,"href":"https:\/\/www.fhswe.se\/index.php\/wp-json\/wp\/v2\/users\/3"}],"replies":[{"embeddable":true,"href":"https:\/\/www.fhswe.se\/index.php\/wp-json\/wp\/v2\/comments?post=680"}],"version-history":[{"count":1,"href":"https:\/\/www.fhswe.se\/index.php\/wp-json\/wp\/v2\/pages\/680\/revisions"}],"predecessor-version":[{"id":681,"href":"https:\/\/www.fhswe.se\/index.php\/wp-json\/wp\/v2\/pages\/680\/revisions\/681"}],"wp:attachment":[{"href":"https:\/\/www.fhswe.se\/index.php\/wp-json\/wp\/v2\/media?parent=680"}],"curies":[{"name":"wp","href":"https:\/\/api.w.org\/{rel}","templated":true}]}}