{"id":678,"date":"2023-09-10T15:47:57","date_gmt":"2023-09-10T13:47:57","guid":{"rendered":"https:\/\/www.fhswe.se\/?page_id=678"},"modified":"2023-09-10T16:08:00","modified_gmt":"2023-09-10T14:08:00","slug":"ost-och-havregrynsgodis","status":"publish","type":"page","link":"https:\/\/www.fhswe.se\/index.php\/ost-och-havregrynsgodis\/","title":{"rendered":"Ost- och Havregrynsgodis"},"content":{"rendered":"\n<p>[BILD KOMMER SNART]<\/p>\n\n\n\n<p><strong>Ingredienser:<\/strong><\/p>\n\n\n\n<ol class=\"wp-block-list\">\n<li>2 \u00bd dl havregryn <\/li>\n\n\n\n<li>1 \u00bd dl riven ost (v\u00e4lj en ost som din hund gillar, t.ex. cheddar eller parmesan)<\/li>\n\n\n\n<li>1 \u00e4gg<\/li>\n<\/ol>\n\n\n\n<p><strong>Instruktioner:<\/strong><\/p>\n\n\n\n<ol class=\"wp-block-list\">\n<li>F\u00f6rv\u00e4rm din ugn till 175\u00b0C och kl\u00e4 en bakpl\u00e5t med bakpl\u00e5tspapper.<\/li>\n\n\n\n<li>I en sk\u00e5l, blanda havregrynen, den rivna osten och \u00e4gget tills du har en j\u00e4mn smet.<\/li>\n\n\n\n<li>Ta sm\u00e5 m\u00e4ngder av smeten och rulla dem till sm\u00e5 bollar eller tryck ut dem i kakor, beroende p\u00e5 vilken typ av godis du vill g\u00f6ra.<\/li>\n\n\n\n<li>Placera ost- och havregrynsgodiset p\u00e5 den f\u00f6rberedda bakpl\u00e5ten.<\/li>\n\n\n\n<li>Gr\u00e4dda i ugnen i cirka 15-20 minuter, eller tills godisbitarna \u00e4r gyllenbruna.<\/li>\n\n\n\n<li>L\u00e5t dem svalna helt innan du ger dem till din hund.<\/li>\n\n\n\n<li>F\u00f6rvara de f\u00e4rdiga godisbitarna i en luftt\u00e4t burk eller p\u00e5se.<\/li>\n<\/ol>\n\n\n\n<p>Detta recept ger din hund en godbit med en h\u00e4rlig ostsmak, och havregrynen ger en krispig textur. Se till att v\u00e4lja en ost som din hund t\u00e5l och gillar. Som alltid \u00e4r det viktigt att ge hundgodis i m\u00e5ttliga m\u00e4ngder f\u00f6r att bibeh\u00e5lla en balanserad kost.<\/p>\n","protected":false},"excerpt":{"rendered":"<p>[BILD KOMMER SNART] Ingredienser: Instruktioner: Detta recept ger din hund en godbit med en h\u00e4rlig ostsmak, och havregrynen ger en krispig textur. Se till att v\u00e4lja en ost som din hund t\u00e5l och gillar. Som alltid \u00e4r det viktigt att ge hundgodis i m\u00e5ttliga m\u00e4ngder f\u00f6r att bibeh\u00e5lla en balanserad kost.<\/p>\n","protected":false},"author":3,"featured_media":0,"parent":0,"menu_order":0,"comment_status":"closed","ping_status":"closed","template":"","meta":{"ngg_post_thumbnail":0,"footnotes":""},"class_list":["post-678","page","type-page","status-publish","hentry"],"aioseo_notices":[],"_links":{"self":[{"href":"https:\/\/www.fhswe.se\/index.php\/wp-json\/wp\/v2\/pages\/678","targetHints":{"allow":["GET"]}}],"collection":[{"href":"https:\/\/www.fhswe.se\/index.php\/wp-json\/wp\/v2\/pages"}],"about":[{"href":"https:\/\/www.fhswe.se\/index.php\/wp-json\/wp\/v2\/types\/page"}],"author":[{"embeddable":true,"href":"https:\/\/www.fhswe.se\/index.php\/wp-json\/wp\/v2\/users\/3"}],"replies":[{"embeddable":true,"href":"https:\/\/www.fhswe.se\/index.php\/wp-json\/wp\/v2\/comments?post=678"}],"version-history":[{"count":2,"href":"https:\/\/www.fhswe.se\/index.php\/wp-json\/wp\/v2\/pages\/678\/revisions"}],"predecessor-version":[{"id":713,"href":"https:\/\/www.fhswe.se\/index.php\/wp-json\/wp\/v2\/pages\/678\/revisions\/713"}],"wp:attachment":[{"href":"https:\/\/www.fhswe.se\/index.php\/wp-json\/wp\/v2\/media?parent=678"}],"curies":[{"name":"wp","href":"https:\/\/api.w.org\/{rel}","templated":true}]}}