{"id":676,"date":"2023-09-10T15:47:08","date_gmt":"2023-09-10T13:47:08","guid":{"rendered":"https:\/\/www.fhswe.se\/?page_id=676"},"modified":"2023-09-10T16:07:31","modified_gmt":"2023-09-10T14:07:31","slug":"peanut-butter-och-banangodis","status":"publish","type":"page","link":"https:\/\/www.fhswe.se\/index.php\/peanut-butter-och-banangodis\/","title":{"rendered":"Peanut Butter- och Banangodis"},"content":{"rendered":"\n<p>[BILD KOMMER SNART]<\/p>\n\n\n\n<p><strong>Ingredienser:<\/strong><\/p>\n\n\n\n<ol class=\"wp-block-list\">\n<li>1 mogen banan<\/li>\n\n\n\n<li>\u00bd dl osaltat jordn\u00f6tssm\u00f6r (se till att det inte inneh\u00e5ller xylitol, vilket \u00e4r giftigt f\u00f6r hundar)<\/li>\n\n\n\n<li>1 msk kokosolja (valfritt)<\/li>\n\n\n\n<li>2 \u00bd dl havregryn <\/li>\n<\/ol>\n\n\n\n<p><strong>Instruktioner:<\/strong><\/p>\n\n\n\n<ol class=\"wp-block-list\">\n<li>F\u00f6rv\u00e4rm din ugn till 175\u00b0C och kl\u00e4 en bakpl\u00e5t med bakpl\u00e5tspapper.<\/li>\n\n\n\n<li>Skala bananen och mosa den i en sk\u00e5l tills den \u00e4r helt sl\u00e4t.<\/li>\n\n\n\n<li>Blanda i jordn\u00f6tssm\u00f6ret och kokosoljan (om du anv\u00e4nder den) i den mosade bananen.<\/li>\n\n\n\n<li>Tills\u00e4tt havregrynen och r\u00f6r om tills du har en j\u00e4mn smet. Om smeten \u00e4r f\u00f6r l\u00f6s, kan du tills\u00e4tta mer havregryn tills den blir mer formbar.<\/li>\n\n\n\n<li>Ta sm\u00e5 m\u00e4ngder av smeten och forma dem till sm\u00e5 bollar eller kakor, beroende p\u00e5 din preferens.<\/li>\n\n\n\n<li>Placera godisbitarna p\u00e5 den f\u00f6rberedda bakpl\u00e5ten.<\/li>\n\n\n\n<li>Gr\u00e4dda i ugnen i cirka 10-15 minuter, eller tills godisbitarna \u00e4r gyllenbruna.<\/li>\n\n\n\n<li>L\u00e5t dem svalna helt innan du ger dem till din hund.<\/li>\n\n\n\n<li>F\u00f6rvara de f\u00e4rdiga godisbitarna i en luftt\u00e4t beh\u00e5llare.<\/li>\n<\/ol>\n\n\n\n<p>Det h\u00e4r receptet ger din hund en godbit med en smak av b\u00e5de banan och jordn\u00f6tssm\u00f6r, som de flesta hundar \u00e4lskar. Jordn\u00f6tssm\u00f6r \u00e4r en bra k\u00e4lla till protein och nyttiga fetter. Se till att jordn\u00f6tssm\u00f6ret inte inneh\u00e5ller xylitol, som \u00e4r giftigt f\u00f6r hundar. Som alltid \u00e4r det viktigt att ge hundgodis i m\u00e5ttliga m\u00e4ngder f\u00f6r att bibeh\u00e5lla en balanserad kost.<\/p>\n","protected":false},"excerpt":{"rendered":"<p>[BILD KOMMER SNART] Ingredienser: Instruktioner: Det h\u00e4r receptet ger din hund en godbit med en smak av b\u00e5de banan och jordn\u00f6tssm\u00f6r, som de flesta hundar \u00e4lskar. Jordn\u00f6tssm\u00f6r \u00e4r en bra k\u00e4lla till protein och nyttiga fetter. Se till att jordn\u00f6tssm\u00f6ret inte inneh\u00e5ller xylitol, som \u00e4r giftigt f\u00f6r hundar. Som alltid \u00e4r det viktigt att ge &hellip; <\/p>\n<p class=\"link-more\"><a href=\"https:\/\/www.fhswe.se\/index.php\/peanut-butter-och-banangodis\/\" class=\"more-link\">Forts\u00e4tt l\u00e4sa<span class=\"screen-reader-text\"> \u201dPeanut Butter- och Banangodis\u201d<\/span><\/a><\/p>\n","protected":false},"author":3,"featured_media":0,"parent":0,"menu_order":0,"comment_status":"closed","ping_status":"closed","template":"","meta":{"ngg_post_thumbnail":0,"footnotes":""},"class_list":["post-676","page","type-page","status-publish","hentry"],"aioseo_notices":[],"_links":{"self":[{"href":"https:\/\/www.fhswe.se\/index.php\/wp-json\/wp\/v2\/pages\/676","targetHints":{"allow":["GET"]}}],"collection":[{"href":"https:\/\/www.fhswe.se\/index.php\/wp-json\/wp\/v2\/pages"}],"about":[{"href":"https:\/\/www.fhswe.se\/index.php\/wp-json\/wp\/v2\/types\/page"}],"author":[{"embeddable":true,"href":"https:\/\/www.fhswe.se\/index.php\/wp-json\/wp\/v2\/users\/3"}],"replies":[{"embeddable":true,"href":"https:\/\/www.fhswe.se\/index.php\/wp-json\/wp\/v2\/comments?post=676"}],"version-history":[{"count":2,"href":"https:\/\/www.fhswe.se\/index.php\/wp-json\/wp\/v2\/pages\/676\/revisions"}],"predecessor-version":[{"id":712,"href":"https:\/\/www.fhswe.se\/index.php\/wp-json\/wp\/v2\/pages\/676\/revisions\/712"}],"wp:attachment":[{"href":"https:\/\/www.fhswe.se\/index.php\/wp-json\/wp\/v2\/media?parent=676"}],"curies":[{"name":"wp","href":"https:\/\/api.w.org\/{rel}","templated":true}]}}