{"id":674,"date":"2023-09-10T15:46:26","date_gmt":"2023-09-10T13:46:26","guid":{"rendered":"https:\/\/www.fhswe.se\/?page_id=674"},"modified":"2023-09-10T16:07:11","modified_gmt":"2023-09-10T14:07:11","slug":"havre-och-morotsgodis","status":"publish","type":"page","link":"https:\/\/www.fhswe.se\/index.php\/havre-och-morotsgodis\/","title":{"rendered":"Havre- och Morotsgodis"},"content":{"rendered":"\n<p>[BILD KOMMER SNART]<\/p>\n\n\n\n<p><strong>Ingredienser:<\/strong><\/p>\n\n\n\n<ol class=\"wp-block-list\">\n<li>2 \u00bd dl havregryn <\/li>\n\n\n\n<li>1 \u00bd dl riven morot<\/li>\n\n\n\n<li>1 \u00e4gg<\/li>\n<\/ol>\n\n\n\n<p><strong>Instruktioner:<\/strong><\/p>\n\n\n\n<ol class=\"wp-block-list\">\n<li>F\u00f6rv\u00e4rm din ugn till 175\u00b0C och kl\u00e4 en bakpl\u00e5t med bakpl\u00e5tspapper.<\/li>\n\n\n\n<li>Riva moroten s\u00e5 fint som m\u00f6jligt. Du kan anv\u00e4nda en rivare eller matberedare f\u00f6r detta.<\/li>\n\n\n\n<li>I en sk\u00e5l, blanda havregrynen, den rivna moroten och \u00e4gget tills du har en j\u00e4mn smet.<\/li>\n\n\n\n<li>Ta sm\u00e5 m\u00e4ngder av smeten och forma dem till sm\u00e5 bollar eller kakor, beroende p\u00e5 din preferens.<\/li>\n\n\n\n<li>Placera havre- och morotsgodiset p\u00e5 den f\u00f6rberedda bakpl\u00e5ten.<\/li>\n\n\n\n<li>Gr\u00e4dda i ugnen i cirka 20-25 minuter, eller tills godisbitarna \u00e4r gyllenbruna.<\/li>\n\n\n\n<li>L\u00e5t dem svalna helt innan du ger dem till din hund.<\/li>\n\n\n\n<li>F\u00f6rvara de f\u00e4rdiga godisbitarna i en luftt\u00e4t beh\u00e5llare.<\/li>\n<\/ol>\n\n\n\n<p>Det h\u00e4r receptet \u00e4r enkelt att g\u00f6ra och ger din hund en godbit som \u00e4r rik p\u00e5 fibrer fr\u00e5n moroten och n\u00e4rings\u00e4mnen fr\u00e5n havregrynen. Se till att moroten \u00e4r v\u00e4l rivna f\u00f6r att f\u00f6rhindra att din hund kv\u00e4vs p\u00e5 stora bitar. Som alltid \u00e4r det viktigt att ge hundgodis i m\u00e5ttliga m\u00e4ngder f\u00f6r att bibeh\u00e5lla en balanserad kost.<\/p>\n","protected":false},"excerpt":{"rendered":"<p>[BILD KOMMER SNART] Ingredienser: Instruktioner: Det h\u00e4r receptet \u00e4r enkelt att g\u00f6ra och ger din hund en godbit som \u00e4r rik p\u00e5 fibrer fr\u00e5n moroten och n\u00e4rings\u00e4mnen fr\u00e5n havregrynen. Se till att moroten \u00e4r v\u00e4l rivna f\u00f6r att f\u00f6rhindra att din hund kv\u00e4vs p\u00e5 stora bitar. Som alltid \u00e4r det viktigt att ge hundgodis i &hellip; <\/p>\n<p class=\"link-more\"><a href=\"https:\/\/www.fhswe.se\/index.php\/havre-och-morotsgodis\/\" class=\"more-link\">Forts\u00e4tt l\u00e4sa<span class=\"screen-reader-text\"> \u201dHavre- och Morotsgodis\u201d<\/span><\/a><\/p>\n","protected":false},"author":3,"featured_media":0,"parent":0,"menu_order":0,"comment_status":"closed","ping_status":"closed","template":"","meta":{"ngg_post_thumbnail":0,"footnotes":""},"class_list":["post-674","page","type-page","status-publish","hentry"],"aioseo_notices":[],"_links":{"self":[{"href":"https:\/\/www.fhswe.se\/index.php\/wp-json\/wp\/v2\/pages\/674","targetHints":{"allow":["GET"]}}],"collection":[{"href":"https:\/\/www.fhswe.se\/index.php\/wp-json\/wp\/v2\/pages"}],"about":[{"href":"https:\/\/www.fhswe.se\/index.php\/wp-json\/wp\/v2\/types\/page"}],"author":[{"embeddable":true,"href":"https:\/\/www.fhswe.se\/index.php\/wp-json\/wp\/v2\/users\/3"}],"replies":[{"embeddable":true,"href":"https:\/\/www.fhswe.se\/index.php\/wp-json\/wp\/v2\/comments?post=674"}],"version-history":[{"count":2,"href":"https:\/\/www.fhswe.se\/index.php\/wp-json\/wp\/v2\/pages\/674\/revisions"}],"predecessor-version":[{"id":711,"href":"https:\/\/www.fhswe.se\/index.php\/wp-json\/wp\/v2\/pages\/674\/revisions\/711"}],"wp:attachment":[{"href":"https:\/\/www.fhswe.se\/index.php\/wp-json\/wp\/v2\/media?parent=674"}],"curies":[{"name":"wp","href":"https:\/\/api.w.org\/{rel}","templated":true}]}}