{"id":669,"date":"2023-09-10T15:45:03","date_gmt":"2023-09-10T13:45:03","guid":{"rendered":"https:\/\/www.fhswe.se\/?page_id=669"},"modified":"2023-09-10T16:06:38","modified_gmt":"2023-09-10T14:06:38","slug":"pumpa-och-havregrynsgodis","status":"publish","type":"page","link":"https:\/\/www.fhswe.se\/index.php\/pumpa-och-havregrynsgodis\/","title":{"rendered":"Pumpa- och Havregrynsgodis"},"content":{"rendered":"\n<p>[BILD KOMMER SNART]<\/p>\n\n\n\n<p><strong>Ingredienser:<\/strong><\/p>\n\n\n\n<ol class=\"wp-block-list\">\n<li>1 \u00bd dl pumpapur\u00e9 (anv\u00e4nd pumpapur\u00e9 utan tillsatser, inte pumpapajfyllning)<\/li>\n\n\n\n<li>2 \u00bd dl havregryn <\/li>\n\n\n\n<li>1 \u00e4gg<\/li>\n<\/ol>\n\n\n\n<p><strong>Instruktioner:<\/strong><\/p>\n\n\n\n<ol class=\"wp-block-list\">\n<li>F\u00f6rv\u00e4rm din ugn till 175\u00b0C och kl\u00e4 en bakpl\u00e5t med bakpl\u00e5tspapper.<\/li>\n\n\n\n<li>Om du inte har f\u00e4rdig pumpapur\u00e9, kan du g\u00f6ra din egen genom att koka och mosa pumpa tills den \u00e4r helt mjuk, och sedan l\u00e5ta den svalna.<\/li>\n\n\n\n<li>I en sk\u00e5l, blanda pumpapur\u00e9n med havregrynen och \u00e4gget tills du har en j\u00e4mn smet.<\/li>\n\n\n\n<li>Ta sm\u00e5 m\u00e4ngder av smeten och forma dem till sm\u00e5 bollar eller kakor, beroende p\u00e5 din preferens.<\/li>\n\n\n\n<li>Placera pumpa- och havregrynsgodiset p\u00e5 den f\u00f6rberedda bakpl\u00e5ten.<\/li>\n\n\n\n<li>Gr\u00e4dda i ugnen i cirka 12-15 minuter, eller tills godisbitarna \u00e4r fasta och l\u00e4tta att ta p\u00e5.<\/li>\n\n\n\n<li>L\u00e5t dem svalna helt innan du ger dem till din hund.<\/li>\n\n\n\n<li>F\u00f6rvara de f\u00e4rdiga godisbitarna i en luftt\u00e4t beh\u00e5llare i kylsk\u00e5p f\u00f6r att f\u00f6rl\u00e4nga h\u00e5llbarheten.<\/li>\n<\/ol>\n\n\n\n<p>Detta recept \u00e4r inte bara enkelt att g\u00f6ra, utan pumpa ger ocks\u00e5 ett extra tillskott av fiber och vitaminer till din hunds diet. Som alltid \u00e4r det viktigt att ge hundgodis i m\u00e5ttliga m\u00e4ngder f\u00f6r att s\u00e4kerst\u00e4lla att din hunds kost f\u00f6rblir balanserad.<\/p>\n","protected":false},"excerpt":{"rendered":"<p>[BILD KOMMER SNART] Ingredienser: Instruktioner: Detta recept \u00e4r inte bara enkelt att g\u00f6ra, utan pumpa ger ocks\u00e5 ett extra tillskott av fiber och vitaminer till din hunds diet. Som alltid \u00e4r det viktigt att ge hundgodis i m\u00e5ttliga m\u00e4ngder f\u00f6r att s\u00e4kerst\u00e4lla att din hunds kost f\u00f6rblir balanserad.<\/p>\n","protected":false},"author":3,"featured_media":0,"parent":0,"menu_order":0,"comment_status":"closed","ping_status":"closed","template":"","meta":{"ngg_post_thumbnail":0,"footnotes":""},"class_list":["post-669","page","type-page","status-publish","hentry"],"aioseo_notices":[],"_links":{"self":[{"href":"https:\/\/www.fhswe.se\/index.php\/wp-json\/wp\/v2\/pages\/669","targetHints":{"allow":["GET"]}}],"collection":[{"href":"https:\/\/www.fhswe.se\/index.php\/wp-json\/wp\/v2\/pages"}],"about":[{"href":"https:\/\/www.fhswe.se\/index.php\/wp-json\/wp\/v2\/types\/page"}],"author":[{"embeddable":true,"href":"https:\/\/www.fhswe.se\/index.php\/wp-json\/wp\/v2\/users\/3"}],"replies":[{"embeddable":true,"href":"https:\/\/www.fhswe.se\/index.php\/wp-json\/wp\/v2\/comments?post=669"}],"version-history":[{"count":2,"href":"https:\/\/www.fhswe.se\/index.php\/wp-json\/wp\/v2\/pages\/669\/revisions"}],"predecessor-version":[{"id":710,"href":"https:\/\/www.fhswe.se\/index.php\/wp-json\/wp\/v2\/pages\/669\/revisions\/710"}],"wp:attachment":[{"href":"https:\/\/www.fhswe.se\/index.php\/wp-json\/wp\/v2\/media?parent=669"}],"curies":[{"name":"wp","href":"https:\/\/api.w.org\/{rel}","templated":true}]}}