{"id":667,"date":"2023-09-10T15:44:08","date_gmt":"2023-09-10T13:44:08","guid":{"rendered":"https:\/\/www.fhswe.se\/?page_id=667"},"modified":"2023-09-10T16:06:20","modified_gmt":"2023-09-10T14:06:20","slug":"kyckling-och-havregrynsgodis","status":"publish","type":"page","link":"https:\/\/www.fhswe.se\/index.php\/kyckling-och-havregrynsgodis\/","title":{"rendered":"Kyckling- och Havregrynsgodis"},"content":{"rendered":"\n<p>[BILD KOMMER SNART]<\/p>\n\n\n\n<p><strong>Ingredienser:<\/strong><\/p>\n\n\n\n<ol class=\"wp-block-list\">\n<li>2 dl kokt kyckling (t\u00e4rnad eller finhackad)<\/li>\n\n\n\n<li>2 dl havregryn <\/li>\n\n\n\n<li>1 \u00e4gg<\/li>\n<\/ol>\n\n\n\n<p><strong>Instruktioner:<\/strong><\/p>\n\n\n\n<ol class=\"wp-block-list\">\n<li>F\u00f6rv\u00e4rm din ugn till 175\u00b0C och kl\u00e4 en bakpl\u00e5t med bakpl\u00e5tspapper.<\/li>\n\n\n\n<li>Koka kycklingen om den inte redan \u00e4r kokt. Du kan antingen koka den eller anv\u00e4nda rester av kokt kyckling.<\/li>\n\n\n\n<li>Finhacka eller t\u00e4rna kycklingen i sm\u00e5 bitar.<\/li>\n\n\n\n<li>I en sk\u00e5l, blanda de kokta kycklingbitarna med havregrynen och \u00e4gget tills du har en j\u00e4mn smet.<\/li>\n\n\n\n<li>Ta sm\u00e5 m\u00e4ngder av smeten och forma dem till sm\u00e5 bollar eller kakor, beroende p\u00e5 din preferens.<\/li>\n\n\n\n<li>Placera kyckling- och havregrynsgodiset p\u00e5 den f\u00f6rberedda bakpl\u00e5ten.<\/li>\n\n\n\n<li>Gr\u00e4dda i ugnen i cirka 15-20 minuter, eller tills godisbitarna \u00e4r gyllenbruna.<\/li>\n\n\n\n<li>L\u00e5t dem svalna helt innan du ger dem till din hund.<\/li>\n\n\n\n<li>F\u00f6rvara de f\u00e4rdiga godisbitarna i en luftt\u00e4t beh\u00e5llare i kylsk\u00e5p f\u00f6r att f\u00f6rl\u00e4nga h\u00e5llbarheten.<\/li>\n<\/ol>\n\n\n\n<p>Denna enkla hundgodis \u00e4r full av protein fr\u00e5n kycklingen och fibrer fr\u00e5n havregrynen. Ditt husdjur kommer att \u00e4lska smaken och du kan vara s\u00e4ker p\u00e5 att det inte finns n\u00e5gra tillsatser eller konstgjorda ingredienser. Som alltid \u00e4r det viktigt att ge hundgodis i m\u00e5ttliga m\u00e4ngder f\u00f6r att bibeh\u00e5lla en balanserad kost.<\/p>\n","protected":false},"excerpt":{"rendered":"<p>[BILD KOMMER SNART] Ingredienser: Instruktioner: Denna enkla hundgodis \u00e4r full av protein fr\u00e5n kycklingen och fibrer fr\u00e5n havregrynen. Ditt husdjur kommer att \u00e4lska smaken och du kan vara s\u00e4ker p\u00e5 att det inte finns n\u00e5gra tillsatser eller konstgjorda ingredienser. Som alltid \u00e4r det viktigt att ge hundgodis i m\u00e5ttliga m\u00e4ngder f\u00f6r att bibeh\u00e5lla en balanserad &hellip; <\/p>\n<p class=\"link-more\"><a href=\"https:\/\/www.fhswe.se\/index.php\/kyckling-och-havregrynsgodis\/\" class=\"more-link\">Forts\u00e4tt l\u00e4sa<span class=\"screen-reader-text\"> \u201dKyckling- och Havregrynsgodis\u201d<\/span><\/a><\/p>\n","protected":false},"author":3,"featured_media":0,"parent":0,"menu_order":0,"comment_status":"closed","ping_status":"closed","template":"","meta":{"ngg_post_thumbnail":0,"footnotes":""},"class_list":["post-667","page","type-page","status-publish","hentry"],"aioseo_notices":[],"_links":{"self":[{"href":"https:\/\/www.fhswe.se\/index.php\/wp-json\/wp\/v2\/pages\/667","targetHints":{"allow":["GET"]}}],"collection":[{"href":"https:\/\/www.fhswe.se\/index.php\/wp-json\/wp\/v2\/pages"}],"about":[{"href":"https:\/\/www.fhswe.se\/index.php\/wp-json\/wp\/v2\/types\/page"}],"author":[{"embeddable":true,"href":"https:\/\/www.fhswe.se\/index.php\/wp-json\/wp\/v2\/users\/3"}],"replies":[{"embeddable":true,"href":"https:\/\/www.fhswe.se\/index.php\/wp-json\/wp\/v2\/comments?post=667"}],"version-history":[{"count":2,"href":"https:\/\/www.fhswe.se\/index.php\/wp-json\/wp\/v2\/pages\/667\/revisions"}],"predecessor-version":[{"id":709,"href":"https:\/\/www.fhswe.se\/index.php\/wp-json\/wp\/v2\/pages\/667\/revisions\/709"}],"wp:attachment":[{"href":"https:\/\/www.fhswe.se\/index.php\/wp-json\/wp\/v2\/media?parent=667"}],"curies":[{"name":"wp","href":"https:\/\/api.w.org\/{rel}","templated":true}]}}