{"id":665,"date":"2023-09-10T15:43:22","date_gmt":"2023-09-10T13:43:22","guid":{"rendered":"https:\/\/www.fhswe.se\/?page_id=665"},"modified":"2023-09-10T16:05:48","modified_gmt":"2023-09-10T14:05:48","slug":"banan-och-havregrynsgodis","status":"publish","type":"page","link":"https:\/\/www.fhswe.se\/index.php\/banan-och-havregrynsgodis\/","title":{"rendered":"Banan- och Havregrynsgodis"},"content":{"rendered":"\n<p>[BILD KOMMER SNART]<\/p>\n\n\n\n<p><strong>Ingredienser:<\/strong><\/p>\n\n\n\n<ol class=\"wp-block-list\">\n<li>2 mogna bananer<\/li>\n\n\n\n<li>1 dl havregryn <\/li>\n<\/ol>\n\n\n\n<p><strong>Instruktioner:<\/strong><\/p>\n\n\n\n<ol class=\"wp-block-list\">\n<li>F\u00f6rv\u00e4rm din ugn till 175\u00b0C och kl\u00e4 en bakpl\u00e5t med bakpl\u00e5tspapper.<\/li>\n\n\n\n<li>Skala bananerna och mosa dem i en sk\u00e5l tills de \u00e4r helt sl\u00e4ta.<\/li>\n\n\n\n<li>Blanda i havregrynen i den mosade bananen och r\u00f6r om tills du har en j\u00e4mn smet. Om smeten \u00e4r f\u00f6r l\u00f6s kan du tills\u00e4tta mer havregryn tills den blir mer formbar.<\/li>\n\n\n\n<li>Ta sm\u00e5 m\u00e4ngder av smeten och rulla dem till sm\u00e5 bollar eller tryck ut dem i kakor, beroende p\u00e5 vilken typ av godis du vill g\u00f6ra.<\/li>\n\n\n\n<li>Placera banan- och havregrynsgodiset p\u00e5 den f\u00f6rberedda bakpl\u00e5ten.<\/li>\n\n\n\n<li>Gr\u00e4dda i ugnen i cirka 10-15 minuter, eller tills godisbitarna \u00e4r gyllenbruna.<\/li>\n\n\n\n<li>L\u00e5t dem svalna helt innan du ger dem till din hund.<\/li>\n\n\n\n<li>F\u00f6rvara de f\u00e4rdiga godisbitarna i en luftt\u00e4t beh\u00e5llare.<\/li>\n<\/ol>\n\n\n\n<p>Det h\u00e4r receptet \u00e4r b\u00e5de enkelt och h\u00e4lsosamt eftersom det inte inneh\u00e5ller n\u00e5gra tillsatta sockerarter eller konstgjorda ingredienser. Bananerna ger en naturlig s\u00f6tma och havregrynen ger en bra k\u00e4lla till fibrer. T\u00e4nk dock p\u00e5 att inte \u00f6verfodra din hund med godis, eftersom godis b\u00f6r ges i m\u00e5ttliga m\u00e4ngder som en del av en balanserad kost.<\/p>\n","protected":false},"excerpt":{"rendered":"<p>[BILD KOMMER SNART] Ingredienser: Instruktioner: Det h\u00e4r receptet \u00e4r b\u00e5de enkelt och h\u00e4lsosamt eftersom det inte inneh\u00e5ller n\u00e5gra tillsatta sockerarter eller konstgjorda ingredienser. Bananerna ger en naturlig s\u00f6tma och havregrynen ger en bra k\u00e4lla till fibrer. T\u00e4nk dock p\u00e5 att inte \u00f6verfodra din hund med godis, eftersom godis b\u00f6r ges i m\u00e5ttliga m\u00e4ngder som en &hellip; <\/p>\n<p class=\"link-more\"><a href=\"https:\/\/www.fhswe.se\/index.php\/banan-och-havregrynsgodis\/\" class=\"more-link\">Forts\u00e4tt l\u00e4sa<span class=\"screen-reader-text\"> \u201dBanan- och Havregrynsgodis\u201d<\/span><\/a><\/p>\n","protected":false},"author":3,"featured_media":0,"parent":0,"menu_order":0,"comment_status":"closed","ping_status":"closed","template":"","meta":{"ngg_post_thumbnail":0,"footnotes":""},"class_list":["post-665","page","type-page","status-publish","hentry"],"aioseo_notices":[],"_links":{"self":[{"href":"https:\/\/www.fhswe.se\/index.php\/wp-json\/wp\/v2\/pages\/665","targetHints":{"allow":["GET"]}}],"collection":[{"href":"https:\/\/www.fhswe.se\/index.php\/wp-json\/wp\/v2\/pages"}],"about":[{"href":"https:\/\/www.fhswe.se\/index.php\/wp-json\/wp\/v2\/types\/page"}],"author":[{"embeddable":true,"href":"https:\/\/www.fhswe.se\/index.php\/wp-json\/wp\/v2\/users\/3"}],"replies":[{"embeddable":true,"href":"https:\/\/www.fhswe.se\/index.php\/wp-json\/wp\/v2\/comments?post=665"}],"version-history":[{"count":2,"href":"https:\/\/www.fhswe.se\/index.php\/wp-json\/wp\/v2\/pages\/665\/revisions"}],"predecessor-version":[{"id":708,"href":"https:\/\/www.fhswe.se\/index.php\/wp-json\/wp\/v2\/pages\/665\/revisions\/708"}],"wp:attachment":[{"href":"https:\/\/www.fhswe.se\/index.php\/wp-json\/wp\/v2\/media?parent=665"}],"curies":[{"name":"wp","href":"https:\/\/api.w.org\/{rel}","templated":true}]}}