{"id":663,"date":"2023-09-10T15:41:03","date_gmt":"2023-09-10T13:41:03","guid":{"rendered":"https:\/\/www.fhswe.se\/?page_id=663"},"modified":"2023-09-10T15:41:07","modified_gmt":"2023-09-10T13:41:07","slug":"hembakade-hundkex","status":"publish","type":"page","link":"https:\/\/www.fhswe.se\/index.php\/hembakade-hundkex\/","title":{"rendered":"Hembakade hundkex"},"content":{"rendered":"\n<p>[BILD KOMMER SNART]<\/p>\n\n\n\n<p><strong>Ingredienser:<\/strong><\/p>\n\n\n\n<ol class=\"wp-block-list\">\n<li>2 \u00bd dl vetemj\u00f6l (eller havremj\u00f6l om din hund \u00e4r k\u00e4nslig mot vete)<\/li>\n\n\n\n<li>1 dl vatten<\/li>\n\n\n\n<li>\u00bd dl osaltat jordn\u00f6tssm\u00f6r (kontrollera att det inte inneh\u00e5ller xylitol, en ingrediens som \u00e4r skadlig f\u00f6r hundar)<\/li>\n\n\n\n<li>1 \u00e4gg<\/li>\n<\/ol>\n\n\n\n<p><strong>Instruktioner:<\/strong><\/p>\n\n\n\n<ol class=\"wp-block-list\">\n<li>F\u00f6rv\u00e4rm din ugn till 175\u00b0C och kl\u00e4 en bakpl\u00e5t med bakpl\u00e5tspapper.<\/li>\n\n\n\n<li>I en stor sk\u00e5l, blanda vetemj\u00f6let (eller havremj\u00f6let) med vatten, jordn\u00f6tssm\u00f6r och \u00e4gg tills det blir en j\u00e4mn deg. Om degen \u00e4r f\u00f6r klibbig, kan du tills\u00e4tta lite mer mj\u00f6l.<\/li>\n\n\n\n<li>Kavla ut degen p\u00e5 ett l\u00e4tt mj\u00f6lat bakbord till en tjocklek p\u00e5 ca \u00bd cm.<\/li>\n\n\n\n<li>Anv\u00e4nd sm\u00e5 kakutstansare eller en kniv f\u00f6r att sk\u00e4ra ut sm\u00e5 kakor i olika former. Det kan vara roligt att anv\u00e4nda hundteman eller hj\u00e4rtformar om du har s\u00e5dana utstansare.<\/li>\n\n\n\n<li>Placera kakorna p\u00e5 den f\u00f6rberedda bakpl\u00e5ten.<\/li>\n\n\n\n<li>Gr\u00e4dda i ugnen i cirka 15-20 minuter eller tills kakorna \u00e4r gyllenbruna.<\/li>\n\n\n\n<li>L\u00e5t kakorna svalna helt innan du ger dem till din hund.<\/li>\n\n\n\n<li>F\u00f6rvara de f\u00e4rdiga hundkexen i en luftt\u00e4t burk eller p\u00e5se.<\/li>\n<\/ol>\n\n\n\n<p>Du kan ocks\u00e5 variera detta recept genom att tills\u00e4tta andra hundv\u00e4nliga ingredienser som torkad lever eller ost f\u00f6r att g\u00f6ra godiset \u00e4nnu mer lockande f\u00f6r din fyrbenta v\u00e4n. Kom ih\u00e5g att konsultera din veterin\u00e4r om din hund har n\u00e5gra speciella kostbehov eller allergier.<\/p>\n","protected":false},"excerpt":{"rendered":"<p>[BILD KOMMER SNART] Ingredienser: Instruktioner: Du kan ocks\u00e5 variera detta recept genom att tills\u00e4tta andra hundv\u00e4nliga ingredienser som torkad lever eller ost f\u00f6r att g\u00f6ra godiset \u00e4nnu mer lockande f\u00f6r din fyrbenta v\u00e4n. Kom ih\u00e5g att konsultera din veterin\u00e4r om din hund har n\u00e5gra speciella kostbehov eller allergier.<\/p>\n","protected":false},"author":3,"featured_media":0,"parent":0,"menu_order":0,"comment_status":"closed","ping_status":"closed","template":"","meta":{"ngg_post_thumbnail":0,"footnotes":""},"class_list":["post-663","page","type-page","status-publish","hentry"],"aioseo_notices":[],"_links":{"self":[{"href":"https:\/\/www.fhswe.se\/index.php\/wp-json\/wp\/v2\/pages\/663","targetHints":{"allow":["GET"]}}],"collection":[{"href":"https:\/\/www.fhswe.se\/index.php\/wp-json\/wp\/v2\/pages"}],"about":[{"href":"https:\/\/www.fhswe.se\/index.php\/wp-json\/wp\/v2\/types\/page"}],"author":[{"embeddable":true,"href":"https:\/\/www.fhswe.se\/index.php\/wp-json\/wp\/v2\/users\/3"}],"replies":[{"embeddable":true,"href":"https:\/\/www.fhswe.se\/index.php\/wp-json\/wp\/v2\/comments?post=663"}],"version-history":[{"count":1,"href":"https:\/\/www.fhswe.se\/index.php\/wp-json\/wp\/v2\/pages\/663\/revisions"}],"predecessor-version":[{"id":664,"href":"https:\/\/www.fhswe.se\/index.php\/wp-json\/wp\/v2\/pages\/663\/revisions\/664"}],"wp:attachment":[{"href":"https:\/\/www.fhswe.se\/index.php\/wp-json\/wp\/v2\/media?parent=663"}],"curies":[{"name":"wp","href":"https:\/\/api.w.org\/{rel}","templated":true}]}}