{"id":661,"date":"2023-09-10T15:39:38","date_gmt":"2023-09-10T13:39:38","guid":{"rendered":"https:\/\/www.fhswe.se\/?page_id=661"},"modified":"2023-09-10T15:39:44","modified_gmt":"2023-09-10T13:39:44","slug":"mumsiga-leverpastejsbitar","status":"publish","type":"page","link":"https:\/\/www.fhswe.se\/index.php\/mumsiga-leverpastejsbitar\/","title":{"rendered":"Mumsiga Leverpastejsbitar"},"content":{"rendered":"\n<p>[BILD KOMMER SNART]<br><br><strong>Ingredienser:<\/strong><\/p>\n\n\n\n<ol class=\"wp-block-list\">\n<li>2 \u00bd dl fullkornsmj\u00f6l<\/li>\n\n\n\n<li>1 \u00e4gg<\/li>\n\n\n\n<li>1 dl hett vatten<\/li>\n\n\n\n<li>1 msk torkad leverpastej (valfritt f\u00f6r smak)<\/li>\n<\/ol>\n\n\n\n<p><strong>Instruktioner:<\/strong><\/p>\n\n\n\n<ol class=\"wp-block-list\">\n<li>F\u00f6rv\u00e4rm din ugn till 175\u00b0C.<\/li>\n\n\n\n<li>Blanda fullkornsmj\u00f6l och \u00e4gg i en sk\u00e5l. Om du v\u00e4ljer att anv\u00e4nda leverpastej, blanda i den h\u00e4r ocks\u00e5. Det ger godiset extra smak.<\/li>\n\n\n\n<li>Tills\u00e4tt hett vatten gradvis och blanda v\u00e4l tills du har en fast deg. Du kanske inte beh\u00f6ver anv\u00e4nda allt vattnet, s\u00e5 sluta tills\u00e4tta n\u00e4r degen \u00e4r formbar men inte f\u00f6r klibbig.<\/li>\n\n\n\n<li>Rulla ut degen p\u00e5 ett l\u00e4tt mj\u00f6lat bakbord till en tjocklek av cirka \u00bd cm.<\/li>\n\n\n\n<li>Anv\u00e4nd sm\u00e5 cookie-utsk\u00e4rare eller sk\u00e4r ut sm\u00e5 bitar med en kniv f\u00f6r att forma godisbitarna.<\/li>\n\n\n\n<li>Placera godisbitarna p\u00e5 en bakpl\u00e5t med bakpapper.<\/li>\n\n\n\n<li>Gr\u00e4dda i den f\u00f6rv\u00e4rmde ugnen i ca 20-25 minuter, eller tills de \u00e4r gyllenbruna och h\u00e5rda.<\/li>\n\n\n\n<li>L\u00e5t godisbitarna svalna helt innan du ger dem till din hund.<\/li>\n\n\n\n<li>F\u00f6rvara de f\u00e4rdiga godisbitarna i en luftt\u00e4t burk eller p\u00e5se.<\/li>\n<\/ol>\n\n\n\n<p>Notera att detta \u00e4r ett grundrecept, och du kan anpassa det genom att experimentera med olika smaker och tillsatser som din hund \u00e4lskar. Se bara till att de ingredienser du anv\u00e4nder \u00e4r s\u00e4kra f\u00f6r hundar, och undvik ingredienser som \u00e4r giftiga f\u00f6r dem, som choklad eller l\u00f6k. Om din hund har n\u00e5gra s\u00e4rskilda kostrestriktioner eller allergier, var f\u00f6rsiktig med att v\u00e4lja ingredienser som \u00e4r s\u00e4kra f\u00f6r den.<\/p>\n","protected":false},"excerpt":{"rendered":"<p>[BILD KOMMER SNART] Ingredienser: Instruktioner: Notera att detta \u00e4r ett grundrecept, och du kan anpassa det genom att experimentera med olika smaker och tillsatser som din hund \u00e4lskar. Se bara till att de ingredienser du anv\u00e4nder \u00e4r s\u00e4kra f\u00f6r hundar, och undvik ingredienser som \u00e4r giftiga f\u00f6r dem, som choklad eller l\u00f6k. Om din hund &hellip; <\/p>\n<p class=\"link-more\"><a href=\"https:\/\/www.fhswe.se\/index.php\/mumsiga-leverpastejsbitar\/\" class=\"more-link\">Forts\u00e4tt l\u00e4sa<span class=\"screen-reader-text\"> \u201dMumsiga Leverpastejsbitar\u201d<\/span><\/a><\/p>\n","protected":false},"author":3,"featured_media":0,"parent":0,"menu_order":0,"comment_status":"closed","ping_status":"closed","template":"","meta":{"ngg_post_thumbnail":0,"footnotes":""},"class_list":["post-661","page","type-page","status-publish","hentry"],"aioseo_notices":[],"_links":{"self":[{"href":"https:\/\/www.fhswe.se\/index.php\/wp-json\/wp\/v2\/pages\/661","targetHints":{"allow":["GET"]}}],"collection":[{"href":"https:\/\/www.fhswe.se\/index.php\/wp-json\/wp\/v2\/pages"}],"about":[{"href":"https:\/\/www.fhswe.se\/index.php\/wp-json\/wp\/v2\/types\/page"}],"author":[{"embeddable":true,"href":"https:\/\/www.fhswe.se\/index.php\/wp-json\/wp\/v2\/users\/3"}],"replies":[{"embeddable":true,"href":"https:\/\/www.fhswe.se\/index.php\/wp-json\/wp\/v2\/comments?post=661"}],"version-history":[{"count":1,"href":"https:\/\/www.fhswe.se\/index.php\/wp-json\/wp\/v2\/pages\/661\/revisions"}],"predecessor-version":[{"id":662,"href":"https:\/\/www.fhswe.se\/index.php\/wp-json\/wp\/v2\/pages\/661\/revisions\/662"}],"wp:attachment":[{"href":"https:\/\/www.fhswe.se\/index.php\/wp-json\/wp\/v2\/media?parent=661"}],"curies":[{"name":"wp","href":"https:\/\/api.w.org\/{rel}","templated":true}]}}