{"id":659,"date":"2023-09-10T15:32:53","date_gmt":"2023-09-10T13:32:53","guid":{"rendered":"https:\/\/www.fhswe.se\/?page_id=659"},"modified":"2023-10-05T20:48:37","modified_gmt":"2023-10-05T18:48:37","slug":"recept-hundgodis","status":"publish","type":"page","link":"https:\/\/www.fhswe.se\/index.php\/recept-hundgodis\/","title":{"rendered":"Recept Hundgodis"},"content":{"rendered":"\n<p>Voff voff, k\u00e4ra v\u00e4nner! <br><br>Det \u00e4r Bailey som talar, och jag har n\u00e5got smaskigt att dela med mig av. <br>Ni vet, mat \u00e4r inte bara f\u00f6r m\u00e4nniskor, vi fyrbenta v\u00e4nner uppskattar ocks\u00e5 en god smakupplevelse! S\u00e5, jag har best\u00e4mt mig f\u00f6r att \u00f6ppna min receptbok och dela med mig av n\u00e5gra av mina absoluta favoritrecept. <br>Fr\u00e5n hemgjorda hundkex till mumsiga kakor har jag nosat upp det b\u00e4sta av det b\u00e4sta, och jag ser fram emot att ni ska f\u00e5 prova dem. L\u00e5t oss f\u00e5 svansen att vifta och smakl\u00f6karna att dansa! H\u00e5ll utkik efter n\u00e5gra riktigt goda recept som kommer er v\u00e4g<br><\/p>\n\n\n\n<hr class=\"wp-block-separator has-alpha-channel-opacity\"\/>\n\n\n\n<ul class=\"wp-block-list\">\n<li><a href=\"https:\/\/www.fhswe.se\/index.php\/mumsiga-leverpastejsbitar\/\" title=\"Mumsiga Leverpastejsbitar\">Mumsiga Leverpastejsbitar<\/a><\/li>\n\n\n\n<li><a href=\"https:\/\/www.fhswe.se\/index.php\/hembakade-hundkex\/\" title=\"Hembakade hundkex\">Hembakade hundkex<\/a><\/li>\n\n\n\n<li><a href=\"https:\/\/www.fhswe.se\/index.php\/banan-och-havregrynsgodis\/\" title=\"Banan- och Havregrynsgodis\">Banan- och Havregrynsgodis <\/a><\/li>\n\n\n\n<li><a href=\"https:\/\/www.fhswe.se\/index.php\/kyckling-och-havregrynsgodis\/\" title=\"Kyckling- och Havregrynsgodis\">Kyckling- och Havregrynsgodis<\/a><\/li>\n\n\n\n<li><a href=\"https:\/\/www.fhswe.se\/index.php\/pumpa-och-havregrynsgodis\/\" title=\"Pumpa- och Havregrynsgodis\">Pumpa- och Havregrynsgodis<\/a><\/li>\n\n\n\n<li><a href=\"https:\/\/www.fhswe.se\/index.php\/sotpotatis-och-appelgodis\/\" title=\"S\u00f6tpotatis- och \u00c4ppelgodis\">S\u00f6tpotatis- och \u00c4ppelgodis<\/a><\/li>\n\n\n\n<li><a href=\"https:\/\/www.fhswe.se\/index.php\/havre-och-morotsgodis\/\" title=\"Havre- och Morotsgodis\">Havre- och Morotsgodis<\/a><\/li>\n\n\n\n<li><a href=\"https:\/\/www.fhswe.se\/index.php\/peanut-butter-och-banangodis\/\" title=\"Peanut Butter- och Banangodis\">Peanut Butter- och Banangodis<\/a><\/li>\n\n\n\n<li><a href=\"https:\/\/www.fhswe.se\/index.php\/ost-och-havregrynsgodis\/\" title=\"Ost- och Havregrynsgodis\">Ost- och Havregrynsgodis<\/a><\/li>\n\n\n\n<li><a href=\"https:\/\/www.fhswe.se\/index.php\/mjolk-och-havremjolsgodis\/\" title=\"Mj\u00f6lk- och Havremj\u00f6lsgodis\">Mj\u00f6lk- och Havremj\u00f6lsgodis<\/a><\/li>\n\n\n\n<li><a href=\"https:\/\/www.fhswe.se\/index.php\/kikartsgodis\/\" title=\"Kik\u00e4rtsgodis\">Kik\u00e4rtsgodis<\/a><\/li>\n\n\n\n<li><a href=\"https:\/\/www.fhswe.se\/index.php\/bongodis\/\" title=\"B\u00f6ngodis\">B\u00f6ngodis<\/a><\/li>\n\n\n\n<li><a href=\"https:\/\/www.fhswe.se\/index.php\/havrebollar\/\" title=\"Havrebollar\">Havrebollar<\/a><\/li>\n\n\n\n<li><a href=\"https:\/\/www.fhswe.se\/index.php\/turkisk-yogurt-och-blabarsgodis\/\" title=\"Turkisk Yogurt- och Bl\u00e5b\u00e4rsgodis\">Turkisk Yogurt- och Bl\u00e5b\u00e4rsgodis<\/a><\/li>\n\n\n\n<li><a href=\"https:\/\/www.fhswe.se\/index.php\/sotpotatis-och-kycklinggodis\/\" title=\"S\u00f6tpotatis- och Kycklinggodis\">S\u00f6tpotatis- och Kycklinggodis<\/a><\/li>\n\n\n\n<li><a href=\"https:\/\/www.fhswe.se\/index.php\/morot-och-appelgodis\/\" title=\"Morot- och \u00c4ppelgodis\">Morot- och \u00c4ppelgodis<\/a><\/li>\n\n\n\n<li><a href=\"https:\/\/www.fhswe.se\/index.php\/mjukt-hundgodis-med-havre-och-honung\/\" title=\"Mjukt Hundgodis med Havre och Honung\">Mjukt Hundgodis med Havre och Honung<\/a><\/li>\n\n\n\n<li><a href=\"https:\/\/www.fhswe.se\/index.php\/mjukt-hundgodis-med-havre-och-jordnotssmor\/\" title=\"Mjukt Hundgodis med Havre och Jordn\u00f6tssm\u00f6r\">Mjukt Hundgodis med Havre och Jordn\u00f6tssm\u00f6r<\/a><\/li>\n\n\n\n<li><a href=\"https:\/\/www.fhswe.se\/index.php\/kokos-och-havremjol\/\" title=\"Kokos- och Havremj\u00f6l\">Kokos- och Havremj\u00f6l<\/a><\/li>\n\n\n\n<li><a href=\"https:\/\/www.fhswe.se\/index.php\/appel-och-havregrynsgodis\/\" title=\"\u00c4ppel- och Havregrynsgodis\">\u00c4ppel- och Havregrynsgodis<\/a><\/li>\n<\/ul>\n\n\n<div class=\"wp-block-image\">\n<figure class=\"aligncenter size-large is-resized\"><a href=\"https:\/\/eurogroom.se\/\" target=\"_blank\" rel=\"noreferrer noopener\"><img loading=\"lazy\" decoding=\"async\" src=\"https:\/\/www.fhswe.se\/wp-content\/uploads\/2023\/10\/Uurogroom_Compact-1024x253.png\" alt=\"\" class=\"wp-image-789\" style=\"width:340px;height:84px\" width=\"340\" height=\"84\" srcset=\"https:\/\/www.fhswe.se\/wp-content\/uploads\/2023\/10\/Uurogroom_Compact-1024x253.png 1024w, https:\/\/www.fhswe.se\/wp-content\/uploads\/2023\/10\/Uurogroom_Compact-300x74.png 300w, https:\/\/www.fhswe.se\/wp-content\/uploads\/2023\/10\/Uurogroom_Compact-768x190.png 768w, https:\/\/www.fhswe.se\/wp-content\/uploads\/2023\/10\/Uurogroom_Compact.png 1241w\" sizes=\"auto, (max-width: 340px) 100vw, 340px\" \/><\/a><\/figure><\/div>","protected":false},"excerpt":{"rendered":"<p>Voff voff, k\u00e4ra v\u00e4nner! Det \u00e4r Bailey som talar, och jag har n\u00e5got smaskigt att dela med mig av. Ni vet, mat \u00e4r inte bara f\u00f6r m\u00e4nniskor, vi fyrbenta v\u00e4nner uppskattar ocks\u00e5 en god smakupplevelse! S\u00e5, jag har best\u00e4mt mig f\u00f6r att \u00f6ppna min receptbok och dela med mig av n\u00e5gra av mina absoluta favoritrecept. &hellip; <\/p>\n<p class=\"link-more\"><a href=\"https:\/\/www.fhswe.se\/index.php\/recept-hundgodis\/\" class=\"more-link\">Forts\u00e4tt l\u00e4sa<span class=\"screen-reader-text\"> \u201dRecept Hundgodis\u201d<\/span><\/a><\/p>\n","protected":false},"author":3,"featured_media":0,"parent":0,"menu_order":0,"comment_status":"closed","ping_status":"closed","template":"","meta":{"ngg_post_thumbnail":0,"footnotes":""},"class_list":["post-659","page","type-page","status-publish","hentry"],"aioseo_notices":[],"_links":{"self":[{"href":"https:\/\/www.fhswe.se\/index.php\/wp-json\/wp\/v2\/pages\/659","targetHints":{"allow":["GET"]}}],"collection":[{"href":"https:\/\/www.fhswe.se\/index.php\/wp-json\/wp\/v2\/pages"}],"about":[{"href":"https:\/\/www.fhswe.se\/index.php\/wp-json\/wp\/v2\/types\/page"}],"author":[{"embeddable":true,"href":"https:\/\/www.fhswe.se\/index.php\/wp-json\/wp\/v2\/users\/3"}],"replies":[{"embeddable":true,"href":"https:\/\/www.fhswe.se\/index.php\/wp-json\/wp\/v2\/comments?post=659"}],"version-history":[{"count":3,"href":"https:\/\/www.fhswe.se\/index.php\/wp-json\/wp\/v2\/pages\/659\/revisions"}],"predecessor-version":[{"id":808,"href":"https:\/\/www.fhswe.se\/index.php\/wp-json\/wp\/v2\/pages\/659\/revisions\/808"}],"wp:attachment":[{"href":"https:\/\/www.fhswe.se\/index.php\/wp-json\/wp\/v2\/media?parent=659"}],"curies":[{"name":"wp","href":"https:\/\/api.w.org\/{rel}","templated":true}]}}