{"id":49,"date":"2023-07-25T23:38:01","date_gmt":"2023-07-25T21:38:01","guid":{"rendered":"http:\/\/www.fhswe.se\/?page_id=49"},"modified":"2023-08-04T21:27:57","modified_gmt":"2023-08-04T19:27:57","slug":"galleri","status":"publish","type":"page","link":"https:\/\/www.fhswe.se\/index.php\/galleri\/","title":{"rendered":"Galleri"},"content":{"rendered":"\n<hr class=\"wp-block-separator has-alpha-channel-opacity\"\/>\n\n\n\n<p>Woff WOOOFFF! <br><br>V\u00e4lkommen till mitt fantastiska galleri d\u00e4r jag har samlat alla mina roliga och minnesv\u00e4rda bilder fr\u00e5n min sp\u00e4nnande resa genom livets alla \u00e4ventyr. S\u00e5 h\u00e4r har du mig, L\u00e4rk\u00e4ngen&#8217;s King Of My Heart, alias Bailey, redo att dela med mig av mina galna \u00e4ventyr!<\/p>\n\n\n\n<p>F\u00f6rbered dig p\u00e5 att se mig i full g\u00e5ng, medan jag tuggar p\u00e5 alla goda foppatofflor och tar mig an alla gosedjur i huset. Det \u00e4r en h\u00e5rd arbetshund som jag som aldrig viker undan f\u00f6r en sp\u00e4nnande utmaning!<\/p>\n\n\n\n<p>Men det \u00e4r inte bara bus och skoj \u2013 jag \u00e4lskar ocks\u00e5 att bli ompysslad och visa upp mig sj\u00e4lv p\u00e5 hundutst\u00e4llningar! D\u00e4r kan du se mig stolt posera med min skalleterande attityd, f\u00f6r jag \u00e4r ju den coolaste Bearded Collie som n\u00e5gonsin funnits!<\/p>\n\n\n\n<p>I mitt galleri hittar du en samling av bilder som visar mig i mina mest glittrande \u00f6gonblick. Fr\u00e5n lekfulla stunder till stora \u00f6gonblick p\u00e5 utst\u00e4llningar, du kommer att f\u00e5 se mig i all min prakt!<\/p>\n\n\n\n<p>S\u00e5 tveka inte, ta en titt i mitt galleri och l\u00e5t mig visa dig vad jag har att erbjuda. Voff voff, och hoppas du har lika kul som jag har p\u00e5 mina \u00e4ventyr!<\/p>\n\n\n\n<hr class=\"wp-block-separator has-alpha-channel-opacity\"\/>\n\n\n\n<p><a href=\"https:\/\/www.fhswe.se\/index.php\/mig-som-valp\/\" data-type=\"page\" data-id=\"105\">Mig som valp<\/a><br><a href=\"https:\/\/www.fhswe.se\/index.php\/utstallningar\/\" data-type=\"page\" data-id=\"107\">Utst\u00e4llningar<\/a><br><a href=\"https:\/\/www.fhswe.se\/index.php\/roliga-bilder\/\" data-type=\"page\" data-id=\"109\">Roliga bilder<\/a><br><a href=\"https:\/\/www.fhswe.se\/index.php\/min-fritid\/\" data-type=\"page\" data-id=\"111\">Min fritid<\/a><br><br><a href=\"https:\/\/www.fhswe.se\/index.php\/bus-och-skoj-med-baileys-leksaker\/\" data-type=\"page\" data-id=\"176\">Bus &amp; lek med mina leksaker<\/a><br><\/p>\n","protected":false},"excerpt":{"rendered":"<p>Woff WOOOFFF! V\u00e4lkommen till mitt fantastiska galleri d\u00e4r jag har samlat alla mina roliga och minnesv\u00e4rda bilder fr\u00e5n min sp\u00e4nnande resa genom livets alla \u00e4ventyr. S\u00e5 h\u00e4r har du mig, L\u00e4rk\u00e4ngen&#8217;s King Of My Heart, alias Bailey, redo att dela med mig av mina galna \u00e4ventyr! F\u00f6rbered dig p\u00e5 att se mig i full g\u00e5ng, &hellip; <\/p>\n<p class=\"link-more\"><a href=\"https:\/\/www.fhswe.se\/index.php\/galleri\/\" class=\"more-link\">Forts\u00e4tt l\u00e4sa<span class=\"screen-reader-text\"> \u201dGalleri\u201d<\/span><\/a><\/p>\n","protected":false},"author":1,"featured_media":0,"parent":0,"menu_order":0,"comment_status":"closed","ping_status":"closed","template":"","meta":{"ngg_post_thumbnail":0,"footnotes":""},"class_list":["post-49","page","type-page","status-publish","hentry"],"aioseo_notices":[],"_links":{"self":[{"href":"https:\/\/www.fhswe.se\/index.php\/wp-json\/wp\/v2\/pages\/49","targetHints":{"allow":["GET"]}}],"collection":[{"href":"https:\/\/www.fhswe.se\/index.php\/wp-json\/wp\/v2\/pages"}],"about":[{"href":"https:\/\/www.fhswe.se\/index.php\/wp-json\/wp\/v2\/types\/page"}],"author":[{"embeddable":true,"href":"https:\/\/www.fhswe.se\/index.php\/wp-json\/wp\/v2\/users\/1"}],"replies":[{"embeddable":true,"href":"https:\/\/www.fhswe.se\/index.php\/wp-json\/wp\/v2\/comments?post=49"}],"version-history":[{"count":7,"href":"https:\/\/www.fhswe.se\/index.php\/wp-json\/wp\/v2\/pages\/49\/revisions"}],"predecessor-version":[{"id":291,"href":"https:\/\/www.fhswe.se\/index.php\/wp-json\/wp\/v2\/pages\/49\/revisions\/291"}],"wp:attachment":[{"href":"https:\/\/www.fhswe.se\/index.php\/wp-json\/wp\/v2\/media?parent=49"}],"curies":[{"name":"wp","href":"https:\/\/api.w.org\/{rel}","templated":true}]}}