{"id":410,"date":"2023-08-12T20:46:24","date_gmt":"2023-08-12T18:46:24","guid":{"rendered":"http:\/\/www.fhswe.se\/?page_id=410"},"modified":"2023-08-12T21:18:48","modified_gmt":"2023-08-12T19:18:48","slug":"mina-syskon","status":"publish","type":"page","link":"https:\/\/www.fhswe.se\/index.php\/mina-syskon\/","title":{"rendered":"Mina Syskon"},"content":{"rendered":"\n<p><strong>L\u00e4rk\u00e4ngen\u2019s Kingdom Come<\/strong><br>B\u00f6rje<\/p>\n\n\n\n<figure class=\"wp-block-gallery has-nested-images columns-default is-cropped wp-block-gallery-1 is-layout-flex wp-block-gallery-is-layout-flex\">\n<figure class=\"wp-block-image size-large\"><img loading=\"lazy\" decoding=\"async\" width=\"828\" height=\"799\" data-id=\"411\" src=\"https:\/\/www.fhswe.se\/wp-content\/uploads\/2023\/08\/IMG_2890.jpg\" alt=\"\" class=\"wp-image-411\" srcset=\"https:\/\/www.fhswe.se\/wp-content\/uploads\/2023\/08\/IMG_2890.jpg 828w, https:\/\/www.fhswe.se\/wp-content\/uploads\/2023\/08\/IMG_2890-300x289.jpg 300w, https:\/\/www.fhswe.se\/wp-content\/uploads\/2023\/08\/IMG_2890-768x741.jpg 768w\" sizes=\"auto, (max-width: 706px) 89vw, (max-width: 767px) 82vw, 740px\" \/><\/figure>\n\n\n\n<figure class=\"wp-block-image size-large\"><img loading=\"lazy\" decoding=\"async\" width=\"768\" height=\"1024\" data-id=\"414\" src=\"https:\/\/www.fhswe.se\/wp-content\/uploads\/2023\/08\/IMG_2891-768x1024.jpg\" alt=\"\" class=\"wp-image-414\" srcset=\"https:\/\/www.fhswe.se\/wp-content\/uploads\/2023\/08\/IMG_2891-768x1024.jpg 768w, https:\/\/www.fhswe.se\/wp-content\/uploads\/2023\/08\/IMG_2891-225x300.jpg 225w, https:\/\/www.fhswe.se\/wp-content\/uploads\/2023\/08\/IMG_2891.jpg 828w\" sizes=\"auto, (max-width: 706px) 89vw, (max-width: 767px) 82vw, 740px\" \/><\/figure>\n\n\n\n<figure class=\"wp-block-image size-large\"><img loading=\"lazy\" decoding=\"async\" width=\"768\" height=\"1024\" data-id=\"412\" src=\"https:\/\/www.fhswe.se\/wp-content\/uploads\/2023\/08\/IMG_2892-768x1024.jpg\" alt=\"\" class=\"wp-image-412\" srcset=\"https:\/\/www.fhswe.se\/wp-content\/uploads\/2023\/08\/IMG_2892-768x1024.jpg 768w, https:\/\/www.fhswe.se\/wp-content\/uploads\/2023\/08\/IMG_2892-225x300.jpg 225w, https:\/\/www.fhswe.se\/wp-content\/uploads\/2023\/08\/IMG_2892.jpg 828w\" sizes=\"auto, (max-width: 706px) 89vw, (max-width: 767px) 82vw, 740px\" \/><\/figure>\n\n\n\n<figure class=\"wp-block-image size-large\"><img loading=\"lazy\" decoding=\"async\" width=\"768\" height=\"1024\" data-id=\"413\" src=\"https:\/\/www.fhswe.se\/wp-content\/uploads\/2023\/08\/IMG_2893-768x1024.jpg\" alt=\"\" class=\"wp-image-413\" srcset=\"https:\/\/www.fhswe.se\/wp-content\/uploads\/2023\/08\/IMG_2893-768x1024.jpg 768w, https:\/\/www.fhswe.se\/wp-content\/uploads\/2023\/08\/IMG_2893-225x300.jpg 225w, https:\/\/www.fhswe.se\/wp-content\/uploads\/2023\/08\/IMG_2893.jpg 828w\" sizes=\"auto, (max-width: 706px) 89vw, (max-width: 767px) 82vw, 740px\" \/><\/figure>\n<\/figure>\n\n\n\n<p><strong>L\u00e4rk\u00e4ngen\u2019s King The Dancehall<\/strong><br>Milton<\/p>\n\n\n\n<figure class=\"wp-block-gallery has-nested-images columns-default is-cropped wp-block-gallery-2 is-layout-flex wp-block-gallery-is-layout-flex\">\n<figure class=\"wp-block-image size-large\"><img loading=\"lazy\" decoding=\"async\" width=\"768\" height=\"1024\" data-id=\"420\" src=\"https:\/\/www.fhswe.se\/wp-content\/uploads\/2023\/08\/340936290_587919233405140_1418999699609434834_n-768x1024.jpg\" alt=\"\" class=\"wp-image-420\" srcset=\"https:\/\/www.fhswe.se\/wp-content\/uploads\/2023\/08\/340936290_587919233405140_1418999699609434834_n-768x1024.jpg 768w, https:\/\/www.fhswe.se\/wp-content\/uploads\/2023\/08\/340936290_587919233405140_1418999699609434834_n-225x300.jpg 225w, https:\/\/www.fhswe.se\/wp-content\/uploads\/2023\/08\/340936290_587919233405140_1418999699609434834_n-1152x1536.jpg 1152w, https:\/\/www.fhswe.se\/wp-content\/uploads\/2023\/08\/340936290_587919233405140_1418999699609434834_n.jpg 1536w\" sizes=\"auto, (max-width: 706px) 89vw, (max-width: 767px) 82vw, 740px\" \/><\/figure>\n<\/figure>\n\n\n\n<p><strong>L\u00e4rk\u00e4ngen\u2019s King Of The World<\/strong><br>Ruff<\/p>\n\n\n\n<figure class=\"wp-block-gallery has-nested-images columns-default is-cropped wp-block-gallery-3 is-layout-flex wp-block-gallery-is-layout-flex\">\n<figure class=\"wp-block-image size-large\"><img loading=\"lazy\" decoding=\"async\" width=\"613\" height=\"1024\" data-id=\"418\" src=\"https:\/\/www.fhswe.se\/wp-content\/uploads\/2023\/08\/339595702_1020700882239234_5889937589527644830_n-613x1024.jpg\" alt=\"\" class=\"wp-image-418\" srcset=\"https:\/\/www.fhswe.se\/wp-content\/uploads\/2023\/08\/339595702_1020700882239234_5889937589527644830_n-613x1024.jpg 613w, https:\/\/www.fhswe.se\/wp-content\/uploads\/2023\/08\/339595702_1020700882239234_5889937589527644830_n-180x300.jpg 180w, https:\/\/www.fhswe.se\/wp-content\/uploads\/2023\/08\/339595702_1020700882239234_5889937589527644830_n-768x1283.jpg 768w, https:\/\/www.fhswe.se\/wp-content\/uploads\/2023\/08\/339595702_1020700882239234_5889937589527644830_n-920x1536.jpg 920w, https:\/\/www.fhswe.se\/wp-content\/uploads\/2023\/08\/339595702_1020700882239234_5889937589527644830_n.jpg 1226w\" sizes=\"auto, (max-width: 613px) 100vw, 613px\" \/><\/figure>\n<\/figure>\n\n\n\n<p><strong>L\u00e4rk\u00e4ngen\u2019s King Of Love<\/strong><br>Frodo<\/p>\n\n\n\n<figure class=\"wp-block-gallery has-nested-images columns-default is-cropped wp-block-gallery-4 is-layout-flex wp-block-gallery-is-layout-flex\">\n<figure class=\"wp-block-image size-large\"><img loading=\"lazy\" decoding=\"async\" width=\"612\" height=\"313\" data-id=\"428\" src=\"https:\/\/www.fhswe.se\/wp-content\/uploads\/2023\/08\/istockphoto-1325705756-612x612-1.jpg\" alt=\"\" class=\"wp-image-428\" srcset=\"https:\/\/www.fhswe.se\/wp-content\/uploads\/2023\/08\/istockphoto-1325705756-612x612-1.jpg 612w, https:\/\/www.fhswe.se\/wp-content\/uploads\/2023\/08\/istockphoto-1325705756-612x612-1-300x153.jpg 300w\" sizes=\"auto, (max-width: 612px) 100vw, 612px\" \/><\/figure>\n<\/figure>\n\n\n\n<p><strong>L\u00e4rk\u00e4ngen\u2019s Kiss From A Rose<\/strong><br>Alma<\/p>\n\n\n\n<figure class=\"wp-block-gallery has-nested-images columns-default is-cropped wp-block-gallery-5 is-layout-flex wp-block-gallery-is-layout-flex\">\n<figure class=\"wp-block-image size-large\"><img loading=\"lazy\" decoding=\"async\" width=\"666\" height=\"743\" data-id=\"421\" src=\"https:\/\/www.fhswe.se\/wp-content\/uploads\/2023\/08\/340480181_233767299136412_166611734376584008_n.jpg\" alt=\"\" class=\"wp-image-421\" srcset=\"https:\/\/www.fhswe.se\/wp-content\/uploads\/2023\/08\/340480181_233767299136412_166611734376584008_n.jpg 666w, https:\/\/www.fhswe.se\/wp-content\/uploads\/2023\/08\/340480181_233767299136412_166611734376584008_n-269x300.jpg 269w\" sizes=\"auto, (max-width: 666px) 100vw, 666px\" \/><\/figure>\n<\/figure>\n\n\n\n<p><strong>L\u00e4rk\u00e4ngen\u2019s Kiss Me Again<\/strong><br>Greta<\/p>\n\n\n\n<figure class=\"wp-block-gallery has-nested-images columns-default is-cropped wp-block-gallery-6 is-layout-flex wp-block-gallery-is-layout-flex\">\n<figure class=\"wp-block-image size-large\"><img loading=\"lazy\" decoding=\"async\" width=\"1024\" height=\"557\" data-id=\"425\" src=\"https:\/\/www.fhswe.se\/wp-content\/uploads\/2023\/08\/340542532_694295025800430_4219567824310549065_n-1-1024x557.jpg\" alt=\"\" class=\"wp-image-425\" srcset=\"https:\/\/www.fhswe.se\/wp-content\/uploads\/2023\/08\/340542532_694295025800430_4219567824310549065_n-1-1024x557.jpg 1024w, https:\/\/www.fhswe.se\/wp-content\/uploads\/2023\/08\/340542532_694295025800430_4219567824310549065_n-1-300x163.jpg 300w, https:\/\/www.fhswe.se\/wp-content\/uploads\/2023\/08\/340542532_694295025800430_4219567824310549065_n-1-768x417.jpg 768w, https:\/\/www.fhswe.se\/wp-content\/uploads\/2023\/08\/340542532_694295025800430_4219567824310549065_n-1-1536x835.jpg 1536w, https:\/\/www.fhswe.se\/wp-content\/uploads\/2023\/08\/340542532_694295025800430_4219567824310549065_n-1.jpg 1886w\" sizes=\"auto, (max-width: 706px) 89vw, (max-width: 767px) 82vw, 740px\" \/><\/figure>\n\n\n\n<figure class=\"wp-block-image size-large\"><img loading=\"lazy\" decoding=\"async\" width=\"795\" height=\"1024\" data-id=\"426\" src=\"https:\/\/www.fhswe.se\/wp-content\/uploads\/2023\/08\/366037607_3615499045404456_5446301276348830693_n-1-795x1024.jpg\" alt=\"\" class=\"wp-image-426\" srcset=\"https:\/\/www.fhswe.se\/wp-content\/uploads\/2023\/08\/366037607_3615499045404456_5446301276348830693_n-1-795x1024.jpg 795w, https:\/\/www.fhswe.se\/wp-content\/uploads\/2023\/08\/366037607_3615499045404456_5446301276348830693_n-1-233x300.jpg 233w, https:\/\/www.fhswe.se\/wp-content\/uploads\/2023\/08\/366037607_3615499045404456_5446301276348830693_n-1-768x989.jpg 768w, https:\/\/www.fhswe.se\/wp-content\/uploads\/2023\/08\/366037607_3615499045404456_5446301276348830693_n-1-1193x1536.jpg 1193w, https:\/\/www.fhswe.se\/wp-content\/uploads\/2023\/08\/366037607_3615499045404456_5446301276348830693_n-1.jpg 1590w\" sizes=\"auto, (max-width: 706px) 89vw, (max-width: 767px) 82vw, 740px\" \/><\/figure>\n<\/figure>\n\n\n\n<p><strong>L\u00e4rk\u00e4ngen\u2019s Kiss And Makeup<\/strong><br>Lisa<\/p>\n\n\n\n<figure class=\"wp-block-gallery has-nested-images columns-default is-cropped wp-block-gallery-7 is-layout-flex wp-block-gallery-is-layout-flex\">\n<figure class=\"wp-block-image size-large\"><img loading=\"lazy\" decoding=\"async\" width=\"768\" height=\"1024\" data-id=\"423\" src=\"https:\/\/www.fhswe.se\/wp-content\/uploads\/2023\/08\/353800261_1055585292469625_5324075731929429375_n-768x1024.jpg\" alt=\"\" class=\"wp-image-423\" srcset=\"https:\/\/www.fhswe.se\/wp-content\/uploads\/2023\/08\/353800261_1055585292469625_5324075731929429375_n-768x1024.jpg 768w, https:\/\/www.fhswe.se\/wp-content\/uploads\/2023\/08\/353800261_1055585292469625_5324075731929429375_n-225x300.jpg 225w, https:\/\/www.fhswe.se\/wp-content\/uploads\/2023\/08\/353800261_1055585292469625_5324075731929429375_n-1152x1536.jpg 1152w, https:\/\/www.fhswe.se\/wp-content\/uploads\/2023\/08\/353800261_1055585292469625_5324075731929429375_n.jpg 1536w\" sizes=\"auto, (max-width: 706px) 89vw, (max-width: 767px) 82vw, 740px\" \/><\/figure>\n<\/figure>\n","protected":false},"excerpt":{"rendered":"<p>L\u00e4rk\u00e4ngen\u2019s Kingdom ComeB\u00f6rje L\u00e4rk\u00e4ngen\u2019s King The DancehallMilton L\u00e4rk\u00e4ngen\u2019s King Of The WorldRuff L\u00e4rk\u00e4ngen\u2019s King Of LoveFrodo L\u00e4rk\u00e4ngen\u2019s Kiss From A RoseAlma L\u00e4rk\u00e4ngen\u2019s Kiss Me AgainGreta L\u00e4rk\u00e4ngen\u2019s Kiss And MakeupLisa<\/p>\n","protected":false},"author":3,"featured_media":0,"parent":0,"menu_order":0,"comment_status":"closed","ping_status":"closed","template":"","meta":{"ngg_post_thumbnail":0,"footnotes":""},"class_list":["post-410","page","type-page","status-publish","hentry"],"aioseo_notices":[],"_links":{"self":[{"href":"https:\/\/www.fhswe.se\/index.php\/wp-json\/wp\/v2\/pages\/410","targetHints":{"allow":["GET"]}}],"collection":[{"href":"https:\/\/www.fhswe.se\/index.php\/wp-json\/wp\/v2\/pages"}],"about":[{"href":"https:\/\/www.fhswe.se\/index.php\/wp-json\/wp\/v2\/types\/page"}],"author":[{"embeddable":true,"href":"https:\/\/www.fhswe.se\/index.php\/wp-json\/wp\/v2\/users\/3"}],"replies":[{"embeddable":true,"href":"https:\/\/www.fhswe.se\/index.php\/wp-json\/wp\/v2\/comments?post=410"}],"version-history":[{"count":4,"href":"https:\/\/www.fhswe.se\/index.php\/wp-json\/wp\/v2\/pages\/410\/revisions"}],"predecessor-version":[{"id":430,"href":"https:\/\/www.fhswe.se\/index.php\/wp-json\/wp\/v2\/pages\/410\/revisions\/430"}],"wp:attachment":[{"href":"https:\/\/www.fhswe.se\/index.php\/wp-json\/wp\/v2\/media?parent=410"}],"curies":[{"name":"wp","href":"https:\/\/api.w.org\/{rel}","templated":true}]}}