{"id":250,"date":"2023-08-01T18:23:54","date_gmt":"2023-08-01T16:23:54","guid":{"rendered":"http:\/\/www.fhswe.se\/?page_id=250"},"modified":"2023-10-24T21:23:31","modified_gmt":"2023-10-24T19:23:31","slug":"lankar","status":"publish","type":"page","link":"https:\/\/www.fhswe.se\/index.php\/lankar\/","title":{"rendered":"L\u00e4nkar"},"content":{"rendered":"\n<figure class=\"wp-block-image size-large\"><a href=\"https:\/\/eurogroom.se\/\" target=\"_blank\" rel=\"noreferrer noopener\"><img loading=\"lazy\" decoding=\"async\" width=\"1024\" height=\"253\" src=\"https:\/\/www.fhswe.se\/wp-content\/uploads\/2023\/10\/Uurogroom_Compact-1024x253.png\" alt=\"\" class=\"wp-image-789\" srcset=\"https:\/\/www.fhswe.se\/wp-content\/uploads\/2023\/10\/Uurogroom_Compact-1024x253.png 1024w, https:\/\/www.fhswe.se\/wp-content\/uploads\/2023\/10\/Uurogroom_Compact-300x74.png 300w, https:\/\/www.fhswe.se\/wp-content\/uploads\/2023\/10\/Uurogroom_Compact-768x190.png 768w, https:\/\/www.fhswe.se\/wp-content\/uploads\/2023\/10\/Uurogroom_Compact.png 1241w\" sizes=\"auto, (max-width: 706px) 89vw, (max-width: 767px) 82vw, 740px\" \/><\/a><\/figure>\n\n\n<div class=\"wp-block-image\">\n<figure class=\"aligncenter size-large is-resized\"><a href=\"https:\/\/notcreme.se\/\" target=\"_blank\" rel=\"noreferrer noopener\"><img loading=\"lazy\" decoding=\"async\" src=\"https:\/\/www.fhswe.se\/wp-content\/uploads\/2023\/10\/Printzells_Sponsor_logo_transperant-1024x396.png\" alt=\"\" class=\"wp-image-830\" style=\"width:484px;height:187px\" width=\"484\" height=\"187\" srcset=\"https:\/\/www.fhswe.se\/wp-content\/uploads\/2023\/10\/Printzells_Sponsor_logo_transperant-1024x396.png 1024w, https:\/\/www.fhswe.se\/wp-content\/uploads\/2023\/10\/Printzells_Sponsor_logo_transperant-300x116.png 300w, https:\/\/www.fhswe.se\/wp-content\/uploads\/2023\/10\/Printzells_Sponsor_logo_transperant-768x297.png 768w, https:\/\/www.fhswe.se\/wp-content\/uploads\/2023\/10\/Printzells_Sponsor_logo_transperant-1536x595.png 1536w, https:\/\/www.fhswe.se\/wp-content\/uploads\/2023\/10\/Printzells_Sponsor_logo_transperant-2048x793.png 2048w\" sizes=\"auto, (max-width: 484px) 100vw, 484px\" \/><\/a><\/figure><\/div>\n\n\n<ol class=\"wp-block-list\">\n<li><a href=\"https:\/\/www.facebook.com\/kennellarkangen\" target=\"_blank\" rel=\"noopener\" title=\"\">L\u00e4rk\u00e4ngen&#8217;s Kennel<\/a>: <br><br>&#8220;L\u00e4rk\u00e4ngen&#8217;s Kennel \u00e4r en passionerad uppf\u00f6dare av Bearded Collies med l\u00e5ng erfarenhet och k\u00e4rlek f\u00f6r rasen. P\u00e5 deras Facebook-sida kan du l\u00e4ra k\u00e4nna deras fantastiska hundar och uppt\u00e4cka deras engagemang f\u00f6r att f\u00f6da upp ras typiska Bearded Collies med ett underbart temperament.<br><br>Med omsorgsfullt utvalda parningar och dedikerad uppf\u00f6dning str\u00e4var L\u00e4rk\u00e4ngen&#8217;s Kennel efter att producera hundar som inte bara \u00e4r vackra i utseende utan ocks\u00e5 \u00e4r glada, k\u00e4rleksfulla och intelligenta s\u00e4llskapsdjur. Varje hund som f\u00f6ds inom kenneln f\u00e5r den b\u00e4sta starten i livet med mycket k\u00e4rlek och socialisering.<br><br>Genom \u00e5ren har L\u00e4rk\u00e4ngen&#8217;s Kennel byggt upp ett rykte f\u00f6r kvalitet, professionalism och omt\u00e4nksamhet gentemot b\u00e5de sina hundar och deras nya familjer. Kenneln har ett genuint intresse av att matcha varje valp med r\u00e4tt hem f\u00f6r att s\u00e4kerst\u00e4lla en l\u00e5ng och lycklig framtid tillsammans.<br><br>F\u00f6r L\u00e4rk\u00e4ngen&#8217;s Kennel \u00e4r Bearded Collies inte bara hundar &#8211; de \u00e4r familjemedlemmar. Varje kull v\u00e4lkomnas med k\u00e4rlek och gl\u00e4dje, och det \u00e4r den passionen som genomsyrar allt de g\u00f6r.<br><br>G\u00e5 med oss p\u00e5 v\u00e5r resa f\u00f6r att l\u00e4ra k\u00e4nna Bearded Collies med en unik personlighet och ett hj\u00e4rta av guld. Klicka p\u00e5 l\u00e4nken till L\u00e4rk\u00e4ngen&#8217;s Kennel p\u00e5 deras Facebook-sida och ta del av deras underbara v\u00e4rld full av lurviga \u00e4ventyr och k\u00e4rlek f\u00f6r rasen.&#8221;<br><br><\/li>\n\n\n\n<li><a href=\"https:\/\/www.facebook.com\/groups\/115418025138875\" target=\"_blank\" rel=\"noopener\" title=\"\">Farmaren&#8217;s Kennel<\/a>:<br><br>&#8220;Farmaren&#8217;s Kennel \u00e4r dedikerade till att f\u00f6da upp sunda och v\u00e4lm\u00e5ende Bearded Collies med ett starkt fokus p\u00e5 mental och fysisk h\u00e4lsa. Med \u00f6ver sex decenniers erfarenhet som uppf\u00f6dare har de en l\u00e5ng och gedigen kunskap om rasen och dess behov. Varje valp som f\u00f6ds inom kenneln blir v\u00e4l omh\u00e4ndertagen f\u00f6r att s\u00e4kerst\u00e4lla att de f\u00e5r den b\u00e4sta starten i livet.<br><br>Med en passion f\u00f6r Bearded Collies och en djup f\u00f6rst\u00e5else f\u00f6r rasen str\u00e4var Farmaren&#8217;s Kennel efter att uppn\u00e5 h\u00f6gsta standard f\u00f6r rasens utseende och temperament. Varje hund i deras uppf\u00f6dning har ett eget unikt och underbart temperament som k\u00e4nnetecknar Bearded Collies som trogna, intelligenta och glada s\u00e4llskapsdjur.<br><br>Farmaren&#8217;s Kennel \u00e4r inte bara en uppf\u00f6dare, utan en k\u00e4rleksfull familj f\u00f6r sina hundar. Med sina sex decenniers erfarenhet som uppf\u00f6dare har de utvecklat en expertis som g\u00f6r att de kan ge varje valp mycket socialisering och k\u00e4rlek f\u00f6r att utvecklas till sj\u00e4lvs\u00e4kra och harmoniska individer. Kenneln har ocks\u00e5 ett n\u00e4ra samarbete med sina valpk\u00f6pare och ger st\u00f6d och r\u00e5d under hela hundens liv.<br><br>G\u00e5 med oss p\u00e5 denna lurviga resa och upplev den varma gemenskapen hos Farmaren&#8217;s Kennel. Klicka p\u00e5 l\u00e4nken f\u00f6r att n\u00e5 deras Facebook-sida och uppt\u00e4ck deras fantastiska Bearded Collies som sprider gl\u00e4dje och k\u00e4rlek \u00f6verallt d\u00e4r de g\u00e5r.&#8221;<br><br><\/li>\n\n\n\n<li><a href=\"https:\/\/sbc-beardedcollie.com\/\" target=\"_blank\" rel=\"noopener\" title=\"\">SBC<\/a> &#8211; Specialklubben f\u00f6r Bearded collie:<br><br>&#8220;SBC \u00e4r en f\u00f6rening f\u00f6r alla som \u00e4lskar Bearded Collies. H\u00e4r kan du l\u00e4ra dig mer om rasen, ta del av klubbaktiviteter, och f\u00e5 information om utst\u00e4llningar och andra evenemang f\u00f6r Bearded Collie-entusiaster.&#8221;<br><br><\/li>\n\n\n\n<li><a href=\"https:\/\/www.facebook.com\/groups\/462173675770579\" target=\"_blank\" rel=\"noopener\" title=\"\">BIR<\/a> &#8211; Beardisar I Ringen: <br><br>&#8220;BIR (Beardisar I Ringen) \u00e4r en livlig och k\u00e4rleksfull Facebook-grupp f\u00f6r utst\u00e4llningsintresserade Bearded Collie-entusiaster. G\u00e5 med i gruppen och dela dina sp\u00e4nnande erfarenheter och passion f\u00f6r Bearded Collies med andra likasinnade! Utforska v\u00e4rlden av utst\u00e4llningar, ta del av tips och tricks, och f\u00e5 en inblick i de vackra Bearded Collies som t\u00e4vlar och visar upp sig i ringen. Tillsammans delar vi gl\u00e4djen och sp\u00e4nningen i denna lurviga utst\u00e4llningsgemenskap!&#8221;<br><br><\/li>\n\n\n\n<li><a href=\"https:\/\/www.bir-swe.se\/\" target=\"_blank\" rel=\"noopener\" title=\"\">BIR-SWE<\/a> &#8211; Utforska Champions Stamtavlor och Bilder: <br><br>&#8220;Denna webbplats \u00e4r dedikerad svenska Bearded Collies som vunnit utst\u00e4llningschampionstitel och visar resultat fr\u00e5n svenska och internationella utst\u00e4llningar. Fler m\u00e4stare och resultat kommer att l\u00e4ggas till allt eftersom. F\u00f6r att f\u00e5 svensk m\u00e4startitel kr\u00e4vs tre CAC, varav ett efter hunden \u00e4r tv\u00e5 \u00e5r. Hundar med utl\u00e4ndska titlar erk\u00e4nda av Svenska Kennelklubben beh\u00f6ver ett svenskt CAC f\u00f6r SE UCH-titeln. Hundar f\u00f6dda f\u00f6re 2000 listas efter f\u00f6delse\u00e5r, de f\u00f6dda 2000 eller senare listas efter \u00e5r de blev m\u00e4stare. Inga hundar listas f\u00f6r \u00e5ren 2000-2001.&#8221;<br><br><\/li>\n<\/ol>\n","protected":false},"excerpt":{"rendered":"","protected":false},"author":2,"featured_media":0,"parent":0,"menu_order":0,"comment_status":"closed","ping_status":"closed","template":"","meta":{"ngg_post_thumbnail":0,"footnotes":""},"class_list":["post-250","page","type-page","status-publish","hentry"],"aioseo_notices":[],"_links":{"self":[{"href":"https:\/\/www.fhswe.se\/index.php\/wp-json\/wp\/v2\/pages\/250","targetHints":{"allow":["GET"]}}],"collection":[{"href":"https:\/\/www.fhswe.se\/index.php\/wp-json\/wp\/v2\/pages"}],"about":[{"href":"https:\/\/www.fhswe.se\/index.php\/wp-json\/wp\/v2\/types\/page"}],"author":[{"embeddable":true,"href":"https:\/\/www.fhswe.se\/index.php\/wp-json\/wp\/v2\/users\/2"}],"replies":[{"embeddable":true,"href":"https:\/\/www.fhswe.se\/index.php\/wp-json\/wp\/v2\/comments?post=250"}],"version-history":[{"count":16,"href":"https:\/\/www.fhswe.se\/index.php\/wp-json\/wp\/v2\/pages\/250\/revisions"}],"predecessor-version":[{"id":836,"href":"https:\/\/www.fhswe.se\/index.php\/wp-json\/wp\/v2\/pages\/250\/revisions\/836"}],"wp:attachment":[{"href":"https:\/\/www.fhswe.se\/index.php\/wp-json\/wp\/v2\/media?parent=250"}],"curies":[{"name":"wp","href":"https:\/\/api.w.org\/{rel}","templated":true}]}}