{"id":10,"date":"2023-07-25T22:48:58","date_gmt":"2023-07-25T20:48:58","guid":{"rendered":"http:\/\/www.fhswe.se\/?page_id=10"},"modified":"2025-02-24T15:31:36","modified_gmt":"2025-02-24T14:31:36","slug":"startsida","status":"publish","type":"page","link":"https:\/\/www.fhswe.se\/","title":{"rendered":"Startsida"},"content":{"rendered":"\n<figure class=\"wp-block-image size-large\"><a href=\"https:\/\/mghundvard.se\/botaniqa\/\"><img loading=\"lazy\" decoding=\"async\" width=\"1024\" height=\"240\" src=\"https:\/\/www.fhswe.se\/wp-content\/uploads\/2024\/07\/Logo_Botaniqa_2021_1200x1200-1024x240.webp\" alt=\"\" class=\"wp-image-1031\" srcset=\"https:\/\/www.fhswe.se\/wp-content\/uploads\/2024\/07\/Logo_Botaniqa_2021_1200x1200-1024x240.webp 1024w, https:\/\/www.fhswe.se\/wp-content\/uploads\/2024\/07\/Logo_Botaniqa_2021_1200x1200-300x70.webp 300w, https:\/\/www.fhswe.se\/wp-content\/uploads\/2024\/07\/Logo_Botaniqa_2021_1200x1200-768x180.webp 768w, https:\/\/www.fhswe.se\/wp-content\/uploads\/2024\/07\/Logo_Botaniqa_2021_1200x1200.webp 1200w\" sizes=\"auto, (max-width: 706px) 89vw, (max-width: 767px) 82vw, 740px\" \/><\/a><\/figure>\n\n\n\n<p>Hej p\u00e5 er, mina trogna f\u00f6ljare och nya v\u00e4nner!<\/p>\n\n\n\n<p>Ni har just tassat in p\u00e5 min alldeles egna digitala plats \u2013 en v\u00e4rld fylld av \u00e4ventyr, musik och massor av lurviga \u00f6gonblick! Jag \u00e4r inte bara en Bearded Collie, jag \u00e4r <strong>Bailey The Bearded Collie<\/strong> \u2013 utst\u00e4llningsstj\u00e4rna, entertainer och numera \u00e4ven <strong>country-artist<\/strong>! \ud83c\udfa4\u2728<\/p>\n\n\n\n<p>H\u00e4r p\u00e5 min hemsida f\u00e5r ni f\u00f6lja med p\u00e5 allt fr\u00e5n hundutst\u00e4llningar d\u00e4r jag charmar domarna, till studion d\u00e4r jag skapar musik som f\u00e5r svansar att vifta i takt. Mitt f\u00f6rsta album <strong>&#8220;Country Life&#8221;<\/strong> finns ute p\u00e5 Spotify, s\u00e5 missa inte att kika in p\u00e5 min nya sida <strong>&#8220;Min Musik&#8221;<\/strong> d\u00e4r jag samlar alla mina l\u00e5tar!<\/p>\n\n\n\n<p>Jag \u00e4r ocks\u00e5 en stolt ambassad\u00f6r f\u00f6r <strong>Botaniqa<\/strong>, vilket betyder att min p\u00e4ls alltid \u00e4r on fleek \u2013 redo f\u00f6r b\u00e5de scenen och showringen. Tack till <strong>mghundvard.se<\/strong> och <strong>Botaniqa<\/strong> f\u00f6r att jag alltid ser ut och m\u00e5r som en stj\u00e4rna! \ud83c\udf1f<\/p>\n\n\n\n<p>Och sj\u00e4lvklart \u2013 min blogg \u00e4r kvar! H\u00e4r delar jag med mig av mina tankar, uppt\u00e5g och roliga historier fr\u00e5n vardagen. Ni hittar ocks\u00e5 l\u00e4ckra recept p\u00e5 hundgodis och annat gott som f\u00e5r b\u00e5de hundar och deras b\u00e4sta v\u00e4nner att smacka n\u00f6jt.<\/p>\n\n\n\n<p>S\u00e5, sl\u00e4pp allt ni har i tassarna och h\u00e4ng med mig p\u00e5 detta svansviftande \u00e4ventyr. H\u00e4r finns alltid n\u00e5got nytt att uppt\u00e4cka \u2013 och nu ocks\u00e5 n\u00e5got nytt att lyssna p\u00e5! \ud83c\udfb6\ud83d\udc15<\/p>\n\n\n\n<p><strong>Voff och rock\u2019n\u2019roll,<\/strong><br>Bailey The Bearded Collie \ud83d\udc36\ud83c\udfb8\u2728<\/p>\n\n\n\n<p>#CountryCollie #Lurviga\u00c4ventyr #BaileyOnTour #Ambassad\u00f6rF\u00f6rBotaniqa<\/p>\n\n\n<div class=\"wp-block-image\">\n<figure class=\"aligncenter size-large is-resized\"><a href=\"https:\/\/eurogroom.se\/\" target=\"_blank\" rel=\"noreferrer noopener\"><img loading=\"lazy\" decoding=\"async\" width=\"1024\" height=\"253\" src=\"https:\/\/www.fhswe.se\/wp-content\/uploads\/2023\/10\/Uurogroom_Compact-1024x253.png\" alt=\"Eurogroom\" class=\"wp-image-789\" style=\"width:339px;height:84px\" srcset=\"https:\/\/www.fhswe.se\/wp-content\/uploads\/2023\/10\/Uurogroom_Compact-1024x253.png 1024w, https:\/\/www.fhswe.se\/wp-content\/uploads\/2023\/10\/Uurogroom_Compact-300x74.png 300w, https:\/\/www.fhswe.se\/wp-content\/uploads\/2023\/10\/Uurogroom_Compact-768x190.png 768w, https:\/\/www.fhswe.se\/wp-content\/uploads\/2023\/10\/Uurogroom_Compact.png 1241w\" sizes=\"auto, (max-width: 706px) 89vw, (max-width: 767px) 82vw, 740px\" \/><\/a><\/figure><\/div>\n\n<p><!-- Google tag (gtag.js) --><\/p>","protected":false},"excerpt":{"rendered":"<p>Hej p\u00e5 er, mina trogna f\u00f6ljare och nya v\u00e4nner! Ni har just tassat in p\u00e5 min alldeles egna digitala plats \u2013 en v\u00e4rld fylld av \u00e4ventyr, musik och massor av lurviga \u00f6gonblick! Jag \u00e4r inte bara en Bearded Collie, jag \u00e4r Bailey The Bearded Collie \u2013 utst\u00e4llningsstj\u00e4rna, entertainer och numera \u00e4ven country-artist! \ud83c\udfa4\u2728 H\u00e4r p\u00e5 &hellip; <\/p>\n<p class=\"link-more\"><a href=\"https:\/\/www.fhswe.se\/\" class=\"more-link\">Forts\u00e4tt l\u00e4sa<span class=\"screen-reader-text\"> \u201dStartsida\u201d<\/span><\/a><\/p>\n","protected":false},"author":1,"featured_media":0,"parent":0,"menu_order":0,"comment_status":"closed","ping_status":"closed","template":"","meta":{"ngg_post_thumbnail":0,"footnotes":""},"class_list":["post-10","page","type-page","status-publish","hentry"],"aioseo_notices":[],"_links":{"self":[{"href":"https:\/\/www.fhswe.se\/index.php\/wp-json\/wp\/v2\/pages\/10","targetHints":{"allow":["GET"]}}],"collection":[{"href":"https:\/\/www.fhswe.se\/index.php\/wp-json\/wp\/v2\/pages"}],"about":[{"href":"https:\/\/www.fhswe.se\/index.php\/wp-json\/wp\/v2\/types\/page"}],"author":[{"embeddable":true,"href":"https:\/\/www.fhswe.se\/index.php\/wp-json\/wp\/v2\/users\/1"}],"replies":[{"embeddable":true,"href":"https:\/\/www.fhswe.se\/index.php\/wp-json\/wp\/v2\/comments?post=10"}],"version-history":[{"count":26,"href":"https:\/\/www.fhswe.se\/index.php\/wp-json\/wp\/v2\/pages\/10\/revisions"}],"predecessor-version":[{"id":1056,"href":"https:\/\/www.fhswe.se\/index.php\/wp-json\/wp\/v2\/pages\/10\/revisions\/1056"}],"wp:attachment":[{"href":"https:\/\/www.fhswe.se\/index.php\/wp-json\/wp\/v2\/media?parent=10"}],"curies":[{"name":"wp","href":"https:\/\/api.w.org\/{rel}","templated":true}]}}